{"id":229,"date":"2020-10-05T10:49:11","date_gmt":"2020-10-05T10:49:11","guid":{"rendered":"http:\/\/www.ekimgecidibursa.com\/?page_id=229"},"modified":"2022-10-21T12:46:45","modified_gmt":"2022-10-21T12:46:45","slug":"ekim-gecidi-bursa","status":"publish","type":"page","link":"http:\/\/www.ekimgecidibursa.com\/index.php\/arsiv\/ekim-gecidi-bursa\/","title":{"rendered":"Bursa 2020"},"content":{"rendered":"ngg_shortcode_0_placeholder\n<p>&nbsp;<\/p>\n<h3 class=\"vc_custom_heading font-weight-bold vc_custom_1600899300587\">Cumhuriyet\u2019in Kurucusu Mustafa Kemal Atat\u00fcrk\u2019 e Sevgi ve Sayg\u0131yla<\/h3>\n<div class=\"vc_empty_space\">\n<div id=\"mtphr-dnt-427\" class=\"mtphr-dnt mtphr-dnt-427 mtphr-dnt-default mtphr-dnt-scroll mtphr-dnt-scroll-left\">\n<div class=\"mtphr-dnt-wrapper mtphr-dnt-clearfix\">\n<div class=\"mtphr-dnt-tick-container\">\n<div class=\"mtphr-dnt-tick-contents\">\n<div class=\"mtphr-dnt-tick mtphr-dnt-default-tick mtphr-dnt-clearfix \">\n<blockquote><p>\u201cBir millet sanattan ve sanatkardan mahrumsa tam bir hayata malik olamaz. Sanats\u0131z kalan bir milletin hayat damarlar\u0131ndan biri kopmu\u015f olur.\u201d&nbsp;<strong>Mustafa Kemal Atat\u00fcrk<\/strong><\/p><\/blockquote>\n<\/div>\n<\/div>\n<\/div>\n<\/div>\n<\/div>\n<\/div>\n<div class=\"wpb_text_column wpb_content_element \">\n<div class=\"wpb_wrapper\">\n<p>Mustafa Kemal Atat\u00fcrk\u2019\u00fcn sanat anlay\u0131\u015f\u0131 ile sanat\u0131n ve sanat\u00e7\u0131n\u0131n anlam kazand\u0131\u011f\u0131 bu yolculu\u011fumuzu, Atat\u00fcrk\u2019\u00fc ve Cumhuriyeti kendilerinin varl\u0131k nedeni olarak g\u00f6ren sanat\u00e7\u0131lar\u0131m\u0131z\u0131n kat\u0131ld\u0131\u011f\u0131 geleneksel Ekim Ge\u00e7idi sergilerimiz 19 y\u0131ld\u0131r yap\u0131lmaktad\u0131r. 29 Ekim 2002\u2019den itibaren Mustafa Kemal Atat\u00fcrk\u2019 \u00fcn \u00e7a\u011fda\u015fl\u0131k kavram\u0131na g\u00f6re yapt\u0131\u011f\u0131m\u0131z sergilerimizin amac\u0131; her t\u00fcrl\u00fc disiplini kapsayan heykel, resim, enstalasyon, seramik, video, foto\u011fraf performanslar vs. alanlar\u0131nda \u00fcretmekte olan \u00e7a\u011fc\u0131l T\u00fcrk sanat\u00e7\u0131lar\u0131n\u0131n yurt i\u00e7inde ve yurt d\u0131\u015f\u0131nda tan\u0131t\u0131lmas\u0131d\u0131r.<\/p>\n<p><img loading=\"lazy\" decoding=\"async\" class=\" wp-image-42 alignleft\" src=\"http:\/\/www.ekimgecidibursa.com\/wp-content\/uploads\/2020\/10\/EKIM_GECIDI_LOGO_KB-300x295.png\" sizes=\"auto, (max-width: 204px) 100vw, 204px\" srcset=\"http:\/\/www.ekimgecidibursa.com\/wp-content\/uploads\/2020\/10\/EKIM_GECIDI_LOGO_KB-300x295.png 300w, http:\/\/www.ekimgecidibursa.com\/wp-content\/uploads\/2020\/10\/EKIM_GECIDI_LOGO_KB-1024x1006.png 1024w, http:\/\/www.ekimgecidibursa.com\/wp-content\/uploads\/2020\/10\/EKIM_GECIDI_LOGO_KB-768x755.png 768w, http:\/\/www.ekimgecidibursa.com\/wp-content\/uploads\/2020\/10\/EKIM_GECIDI_LOGO_KB.png 1096w\" alt=\"\" width=\"204\" height=\"201\">Ekim Ge\u00e7idi sergilerimiz, birbirlerinden farkl\u0131 s\u00f6ylemleri olan profesyonel ve otodidakt d\u00fcnyadaki \u00e7a\u011fda\u015f uygarl\u0131k d\u00fczeyini yakalama \u00e7abas\u0131yla \u00fcreten sanat\u00e7\u0131lar\u0131 bir araya getiren \u00f6nemli bir karma sergidir. Kap\u0131lar\u0131n\u0131 t\u00fcm sanat\u00e7\u0131lara a\u00e7an ba\u015fka bir Cumhuriyet Sergisi\u2019nin olmay\u0131\u015f\u0131 bu serginin ne kadar de\u011ferli oldu\u011funun g\u00f6stergesidir.<\/p>\n<p>Mevlana Celaleddin Rumi \u2019nin &#8220;Gel, gel ne olursan ol yine gel.&#8221; \u00e7a\u011fr\u0131s\u0131 ile ba\u015flatt\u0131\u011f\u0131m\u0131z bu projemizin sanat\u00e7\u0131lar\u0131 Cumhuriyetimize, kurucusu Mustafa Kemal Atat\u00fcrk ve arkada\u015flar\u0131na sayg\u0131l\u0131 olmak kavram\u0131ndan hareketle bir araya gelmi\u015flerdir.<\/p>\n<p>Ekim ge\u00e7idi sergilerimizin temas\u0131 yoktur. Cumhuriyetimiz sayesinde yarat\u0131c\u0131 sanat yapanlar\u0131n yeniden do\u011fu\u015funun simgesel s\u00f6ylemidir. Konusunun olmamas\u0131 \u00fcretmek isteyen arkada\u015flar\u0131m\u0131z\u0131n eserlerine koyduklar\u0131 \u00f6zverinin, eme\u011fin, \u00e7al\u0131\u015fman\u0131n ve bilginin \u00f6zg\u00fcnl\u00fc\u011f\u00fc ve \u00f6zg\u00fcrl\u00fc\u011f\u00fc i\u00e7in de gereklidir.<\/p>\n<p>Sanatseverlerin de deste\u011fi ile 19. su d\u00fczenlenen Ekim Ge\u00e7idi sergilerinin daha da g\u00fc\u00e7lenerek \u00e7a\u011fc\u0131l T\u00fcrk sanat\u00e7\u0131lar\u0131n\u0131n ve eserlerinin d\u00fcnyay\u0131 dola\u015fma olana\u011f\u0131na kavu\u015faca\u011f\u0131na inanc\u0131m\u0131z sonsuzdur.<\/p>\n<\/div>\n<\/div>\n<div class=\"wpb_text_column wpb_content_element \">\n<div class=\"wpb_wrapper\">\n<p><img loading=\"lazy\" decoding=\"async\" class=\"wp-image-292 alignleft\" src=\"http:\/\/www.ekimgecidibursa.com\/wp-content\/uploads\/2020\/10\/ff-300x300.png\" sizes=\"auto, (max-width: 150px) 100vw, 150px\" srcset=\"http:\/\/www.ekimgecidibursa.com\/wp-content\/uploads\/2020\/10\/ff-300x300.png 300w, http:\/\/www.ekimgecidibursa.com\/wp-content\/uploads\/2020\/10\/ff-150x150.png 150w, http:\/\/www.ekimgecidibursa.com\/wp-content\/uploads\/2020\/10\/ff.png 415w\" alt=\"\" width=\"150\" height=\"150\"><\/p>\n<p>Sonsuza dek nice Ekim Ge\u00e7idi sergilerine,<\/p>\n<p>Sevgilerimle\u2026<\/p>\n<p><strong>G\u00fcls\u00fcn Erbil<\/strong><\/p>\n<\/div>\n<\/div>\n<div id=\"shr_canvas2\" class=\"shareaholic-canvas shareaholic-resolved-canvas shareaholic-ui\" data-app=\"share_buttons\" data-title=\"Hakk\u0131nda\" data-link=\"http:\/\/www.ekimgecidibursa.com\/index.php\/hakkimizda\/\" data-app-id-name=\"page_below_content\">\n<div translate=\"no\">\n<div class=\"shareaholic-share-buttons-container shareaholic-ui shr-no-print shareaholic- shareaholic-normal shareaholic-block shareaholic-badge-counter shareaholic-horizontal shareaholic-  shareaholic-badge-counter shareaholic-block shareaholic-horizontal shareaholic-normal\">\n<div class=\"shareaholic-share-buttons-wrapper shareaholic-ui shareaholic-share-buttons-wrapper-with-headline\">\n<div class=\"shareaholic-share-buttons-animation-wrapper \">\n<div class=\"shareaholic-share-buttons-heading shareaholic-custom\">\n<div class=\"shareaholic-share-arrow shareaholic-share-arrow-version-1 normal\">&nbsp;<\/div>\n<\/div>\n<\/div>\n<\/div>\n<\/div>\n<\/div>\n<\/div>\n","protected":false},"excerpt":{"rendered":"<p>&nbsp; &nbsp; Cumhuriyet\u2019in Kurucusu Mustafa Kemal Atat\u00fcrk\u2019 e Sevgi ve Sayg\u0131yla \u201cBir millet sanattan ve sanatkardan mahrumsa tam bir hayata malik olamaz. Sanats\u0131z kalan bir milletin hayat damarlar\u0131ndan biri kopmu\u015f olur.\u201d&nbsp;Mustafa Kemal Atat\u00fcrk Mustafa Kemal Atat\u00fcrk\u2019\u00fcn sanat anlay\u0131\u015f\u0131 ile sanat\u0131n ve sanat\u00e7\u0131n\u0131n anlam kazand\u0131\u011f\u0131 bu yolculu\u011fumuzu, Atat\u00fcrk\u2019\u00fc ve Cumhuriyeti kendilerinin varl\u0131k nedeni olarak g\u00f6ren sanat\u00e7\u0131lar\u0131m\u0131z\u0131n &#8230; <a title=\"Bursa 2020\" class=\"read-more\" href=\"http:\/\/www.ekimgecidibursa.com\/index.php\/arsiv\/ekim-gecidi-bursa\/\" aria-label=\"Read more about Bursa 2020\">Devam\u0131n\u0131 oku<\/a><\/p>\n","protected":false},"author":1,"featured_media":0,"parent":853,"menu_order":0,"comment_status":"closed","ping_status":"closed","template":"","meta":{"ngg_post_thumbnail":0,"footnotes":""},"class_list":["post-229","page","type-page","status-publish"],"yoast_head":"<!-- This site is optimized with the Yoast SEO plugin v27.4 - https:\/\/yoast.com\/product\/yoast-seo-wordpress\/ -->\n<title>Bursa 2020 - Ekim Ge&ccedil;idi BURSA<\/title>\n<meta name=\"description\" content=\"Ekim Ge\u00e7idi Bursa Sergileri .... Cumhuriyet\u2019in Kurucusu Mustafa Kemal Atat\u00fcrk\u2019 e Sevgi ve Sayg\u0131yla... Nice Ekim Ge\u00e7idi Sergilerine...\" \/>\n<meta name=\"robots\" content=\"index, follow, max-snippet:-1, max-image-preview:large, max-video-preview:-1\" \/>\n<link rel=\"canonical\" href=\"http:\/\/www.ekimgecidibursa.com\/index.php\/arsiv\/ekim-gecidi-bursa\/\" \/>\n<meta property=\"og:locale\" content=\"tr_TR\" \/>\n<meta property=\"og:type\" content=\"article\" \/>\n<meta property=\"og:title\" content=\"Bursa 2020 - Ekim Ge&ccedil;idi BURSA\" \/>\n<meta property=\"og:description\" content=\"Ekim Ge\u00e7idi Bursa Sergileri .... Cumhuriyet\u2019in Kurucusu Mustafa Kemal Atat\u00fcrk\u2019 e Sevgi ve Sayg\u0131yla... Nice Ekim Ge\u00e7idi Sergilerine...\" \/>\n<meta property=\"og:url\" content=\"http:\/\/www.ekimgecidibursa.com\/index.php\/arsiv\/ekim-gecidi-bursa\/\" \/>\n<meta property=\"og:site_name\" content=\"Ekim Ge&ccedil;idi BURSA\" \/>\n<meta property=\"article:modified_time\" content=\"2022-10-21T12:46:45+00:00\" \/>\n<meta property=\"og:image\" content=\"http:\/\/www.ekimgecidibursa.com\/wp-content\/uploads\/2020\/10\/EKIM_GECIDI_LOGO_KB-300x295.png\" \/>\n<meta name=\"twitter:card\" content=\"summary_large_image\" \/>\n<meta name=\"twitter:label1\" content=\"Tahmini okuma s\u00fcresi\" \/>\n\t<meta name=\"twitter:data1\" content=\"2 dakika\" \/>\n<script type=\"application\/ld+json\" class=\"yoast-schema-graph\">{\"@context\":\"https:\\\/\\\/schema.org\",\"@graph\":[{\"@type\":\"WebPage\",\"@id\":\"http:\\\/\\\/www.ekimgecidibursa.com\\\/index.php\\\/arsiv\\\/ekim-gecidi-bursa\\\/\",\"url\":\"http:\\\/\\\/www.ekimgecidibursa.com\\\/index.php\\\/arsiv\\\/ekim-gecidi-bursa\\\/\",\"name\":\"Bursa 2020 - Ekim Ge&ccedil;idi BURSA\",\"isPartOf\":{\"@id\":\"http:\\\/\\\/www.ekimgecidibursa.com\\\/#website\"},\"primaryImageOfPage\":{\"@id\":\"http:\\\/\\\/www.ekimgecidibursa.com\\\/index.php\\\/arsiv\\\/ekim-gecidi-bursa\\\/#primaryimage\"},\"image\":{\"@id\":\"http:\\\/\\\/www.ekimgecidibursa.com\\\/index.php\\\/arsiv\\\/ekim-gecidi-bursa\\\/#primaryimage\"},\"thumbnailUrl\":\"http:\\\/\\\/www.ekimgecidibursa.com\\\/wp-content\\\/uploads\\\/2020\\\/10\\\/EKIM_GECIDI_LOGO_KB-300x295.png\",\"datePublished\":\"2020-10-05T10:49:11+00:00\",\"dateModified\":\"2022-10-21T12:46:45+00:00\",\"description\":\"Ekim Ge\u00e7idi Bursa Sergileri .... Cumhuriyet\u2019in Kurucusu Mustafa Kemal Atat\u00fcrk\u2019 e Sevgi ve Sayg\u0131yla... Nice Ekim Ge\u00e7idi Sergilerine...\",\"breadcrumb\":{\"@id\":\"http:\\\/\\\/www.ekimgecidibursa.com\\\/index.php\\\/arsiv\\\/ekim-gecidi-bursa\\\/#breadcrumb\"},\"inLanguage\":\"tr\",\"potentialAction\":[{\"@type\":\"ReadAction\",\"target\":[\"http:\\\/\\\/www.ekimgecidibursa.com\\\/index.php\\\/arsiv\\\/ekim-gecidi-bursa\\\/\"]}]},{\"@type\":\"ImageObject\",\"inLanguage\":\"tr\",\"@id\":\"http:\\\/\\\/www.ekimgecidibursa.com\\\/index.php\\\/arsiv\\\/ekim-gecidi-bursa\\\/#primaryimage\",\"url\":\"http:\\\/\\\/www.ekimgecidibursa.com\\\/wp-content\\\/uploads\\\/2020\\\/10\\\/EKIM_GECIDI_LOGO_KB-300x295.png\",\"contentUrl\":\"http:\\\/\\\/www.ekimgecidibursa.com\\\/wp-content\\\/uploads\\\/2020\\\/10\\\/EKIM_GECIDI_LOGO_KB-300x295.png\"},{\"@type\":\"BreadcrumbList\",\"@id\":\"http:\\\/\\\/www.ekimgecidibursa.com\\\/index.php\\\/arsiv\\\/ekim-gecidi-bursa\\\/#breadcrumb\",\"itemListElement\":[{\"@type\":\"ListItem\",\"position\":1,\"name\":\"Ana sayfa\",\"item\":\"http:\\\/\\\/www.ekimgecidibursa.com\\\/\"},{\"@type\":\"ListItem\",\"position\":2,\"name\":\"Ar\u015fiv\",\"item\":\"http:\\\/\\\/www.ekimgecidibursa.com\\\/index.php\\\/arsiv\\\/\"},{\"@type\":\"ListItem\",\"position\":3,\"name\":\"Bursa 2020\"}]},{\"@type\":\"WebSite\",\"@id\":\"http:\\\/\\\/www.ekimgecidibursa.com\\\/#website\",\"url\":\"http:\\\/\\\/www.ekimgecidibursa.com\\\/\",\"name\":\"Ekim Ge\u00e7idi Bursa\",\"description\":\"Disiplinler Aras\u0131 Karma Sergi -Proje: G&uuml;ls&uuml;n ERB\u0130L, Organizat&ouml;r: Ayfer DEM\u0130RC\u0130O\u011eLU Tasar\u0131m: Sedat KUMOVA\",\"publisher\":{\"@id\":\"http:\\\/\\\/www.ekimgecidibursa.com\\\/#organization\"},\"potentialAction\":[{\"@type\":\"SearchAction\",\"target\":{\"@type\":\"EntryPoint\",\"urlTemplate\":\"http:\\\/\\\/www.ekimgecidibursa.com\\\/?s={search_term_string}\"},\"query-input\":{\"@type\":\"PropertyValueSpecification\",\"valueRequired\":true,\"valueName\":\"search_term_string\"}}],\"inLanguage\":\"tr\"},{\"@type\":\"Organization\",\"@id\":\"http:\\\/\\\/www.ekimgecidibursa.com\\\/#organization\",\"name\":\"Ekim Ge\u00e7idi Bursa\",\"url\":\"http:\\\/\\\/www.ekimgecidibursa.com\\\/\",\"logo\":{\"@type\":\"ImageObject\",\"inLanguage\":\"tr\",\"@id\":\"http:\\\/\\\/www.ekimgecidibursa.com\\\/#\\\/schema\\\/logo\\\/image\\\/\",\"url\":\"http:\\\/\\\/www.ekimgecidibursa.com\\\/wp-content\\\/uploads\\\/2020\\\/10\\\/cropped-EKIM_GECIDI_LOGO_512p.png\",\"contentUrl\":\"http:\\\/\\\/www.ekimgecidibursa.com\\\/wp-content\\\/uploads\\\/2020\\\/10\\\/cropped-EKIM_GECIDI_LOGO_512p.png\",\"width\":512,\"height\":512,\"caption\":\"Ekim Ge\u00e7idi Bursa\"},\"image\":{\"@id\":\"http:\\\/\\\/www.ekimgecidibursa.com\\\/#\\\/schema\\\/logo\\\/image\\\/\"},\"sameAs\":[\"https:\\\/\\\/instagram.com\\\/bursa2021.ekimgecidi\"]}]}<\/script>\n<!-- \/ Yoast SEO plugin. -->","yoast_head_json":{"title":"Bursa 2020 - Ekim Ge&ccedil;idi BURSA","description":"Ekim Ge\u00e7idi Bursa Sergileri .... Cumhuriyet\u2019in Kurucusu Mustafa Kemal Atat\u00fcrk\u2019 e Sevgi ve Sayg\u0131yla... Nice Ekim Ge\u00e7idi Sergilerine...","robots":{"index":"index","follow":"follow","max-snippet":"max-snippet:-1","max-image-preview":"max-image-preview:large","max-video-preview":"max-video-preview:-1"},"canonical":"http:\/\/www.ekimgecidibursa.com\/index.php\/arsiv\/ekim-gecidi-bursa\/","og_locale":"tr_TR","og_type":"article","og_title":"Bursa 2020 - Ekim Ge&ccedil;idi BURSA","og_description":"Ekim Ge\u00e7idi Bursa Sergileri .... Cumhuriyet\u2019in Kurucusu Mustafa Kemal Atat\u00fcrk\u2019 e Sevgi ve Sayg\u0131yla... Nice Ekim Ge\u00e7idi Sergilerine...","og_url":"http:\/\/www.ekimgecidibursa.com\/index.php\/arsiv\/ekim-gecidi-bursa\/","og_site_name":"Ekim Ge&ccedil;idi BURSA","article_modified_time":"2022-10-21T12:46:45+00:00","og_image":[{"url":"http:\/\/www.ekimgecidibursa.com\/wp-content\/uploads\/2020\/10\/EKIM_GECIDI_LOGO_KB-300x295.png","type":"","width":"","height":""}],"twitter_card":"summary_large_image","twitter_misc":{"Tahmini okuma s\u00fcresi":"2 dakika"},"schema":{"@context":"https:\/\/schema.org","@graph":[{"@type":"WebPage","@id":"http:\/\/www.ekimgecidibursa.com\/index.php\/arsiv\/ekim-gecidi-bursa\/","url":"http:\/\/www.ekimgecidibursa.com\/index.php\/arsiv\/ekim-gecidi-bursa\/","name":"Bursa 2020 - Ekim Ge&ccedil;idi BURSA","isPartOf":{"@id":"http:\/\/www.ekimgecidibursa.com\/#website"},"primaryImageOfPage":{"@id":"http:\/\/www.ekimgecidibursa.com\/index.php\/arsiv\/ekim-gecidi-bursa\/#primaryimage"},"image":{"@id":"http:\/\/www.ekimgecidibursa.com\/index.php\/arsiv\/ekim-gecidi-bursa\/#primaryimage"},"thumbnailUrl":"http:\/\/www.ekimgecidibursa.com\/wp-content\/uploads\/2020\/10\/EKIM_GECIDI_LOGO_KB-300x295.png","datePublished":"2020-10-05T10:49:11+00:00","dateModified":"2022-10-21T12:46:45+00:00","description":"Ekim Ge\u00e7idi Bursa Sergileri .... Cumhuriyet\u2019in Kurucusu Mustafa Kemal Atat\u00fcrk\u2019 e Sevgi ve Sayg\u0131yla... Nice Ekim Ge\u00e7idi Sergilerine...","breadcrumb":{"@id":"http:\/\/www.ekimgecidibursa.com\/index.php\/arsiv\/ekim-gecidi-bursa\/#breadcrumb"},"inLanguage":"tr","potentialAction":[{"@type":"ReadAction","target":["http:\/\/www.ekimgecidibursa.com\/index.php\/arsiv\/ekim-gecidi-bursa\/"]}]},{"@type":"ImageObject","inLanguage":"tr","@id":"http:\/\/www.ekimgecidibursa.com\/index.php\/arsiv\/ekim-gecidi-bursa\/#primaryimage","url":"http:\/\/www.ekimgecidibursa.com\/wp-content\/uploads\/2020\/10\/EKIM_GECIDI_LOGO_KB-300x295.png","contentUrl":"http:\/\/www.ekimgecidibursa.com\/wp-content\/uploads\/2020\/10\/EKIM_GECIDI_LOGO_KB-300x295.png"},{"@type":"BreadcrumbList","@id":"http:\/\/www.ekimgecidibursa.com\/index.php\/arsiv\/ekim-gecidi-bursa\/#breadcrumb","itemListElement":[{"@type":"ListItem","position":1,"name":"Ana sayfa","item":"http:\/\/www.ekimgecidibursa.com\/"},{"@type":"ListItem","position":2,"name":"Ar\u015fiv","item":"http:\/\/www.ekimgecidibursa.com\/index.php\/arsiv\/"},{"@type":"ListItem","position":3,"name":"Bursa 2020"}]},{"@type":"WebSite","@id":"http:\/\/www.ekimgecidibursa.com\/#website","url":"http:\/\/www.ekimgecidibursa.com\/","name":"Ekim Ge\u00e7idi Bursa","description":"Disiplinler Aras\u0131 Karma Sergi -Proje: G&uuml;ls&uuml;n ERB\u0130L, Organizat&ouml;r: Ayfer DEM\u0130RC\u0130O\u011eLU Tasar\u0131m: Sedat KUMOVA","publisher":{"@id":"http:\/\/www.ekimgecidibursa.com\/#organization"},"potentialAction":[{"@type":"SearchAction","target":{"@type":"EntryPoint","urlTemplate":"http:\/\/www.ekimgecidibursa.com\/?s={search_term_string}"},"query-input":{"@type":"PropertyValueSpecification","valueRequired":true,"valueName":"search_term_string"}}],"inLanguage":"tr"},{"@type":"Organization","@id":"http:\/\/www.ekimgecidibursa.com\/#organization","name":"Ekim Ge\u00e7idi Bursa","url":"http:\/\/www.ekimgecidibursa.com\/","logo":{"@type":"ImageObject","inLanguage":"tr","@id":"http:\/\/www.ekimgecidibursa.com\/#\/schema\/logo\/image\/","url":"http:\/\/www.ekimgecidibursa.com\/wp-content\/uploads\/2020\/10\/cropped-EKIM_GECIDI_LOGO_512p.png","contentUrl":"http:\/\/www.ekimgecidibursa.com\/wp-content\/uploads\/2020\/10\/cropped-EKIM_GECIDI_LOGO_512p.png","width":512,"height":512,"caption":"Ekim Ge\u00e7idi Bursa"},"image":{"@id":"http:\/\/www.ekimgecidibursa.com\/#\/schema\/logo\/image\/"},"sameAs":["https:\/\/instagram.com\/bursa2021.ekimgecidi"]}]}},"_links":{"self":[{"href":"http:\/\/www.ekimgecidibursa.com\/index.php\/wp-json\/wp\/v2\/pages\/229","targetHints":{"allow":["GET"]}}],"collection":[{"href":"http:\/\/www.ekimgecidibursa.com\/index.php\/wp-json\/wp\/v2\/pages"}],"about":[{"href":"http:\/\/www.ekimgecidibursa.com\/index.php\/wp-json\/wp\/v2\/types\/page"}],"author":[{"embeddable":true,"href":"http:\/\/www.ekimgecidibursa.com\/index.php\/wp-json\/wp\/v2\/users\/1"}],"replies":[{"embeddable":true,"href":"http:\/\/www.ekimgecidibursa.com\/index.php\/wp-json\/wp\/v2\/comments?post=229"}],"version-history":[{"count":15,"href":"http:\/\/www.ekimgecidibursa.com\/index.php\/wp-json\/wp\/v2\/pages\/229\/revisions"}],"predecessor-version":[{"id":573,"href":"http:\/\/www.ekimgecidibursa.com\/index.php\/wp-json\/wp\/v2\/pages\/229\/revisions\/573"}],"up":[{"embeddable":true,"href":"http:\/\/www.ekimgecidibursa.com\/index.php\/wp-json\/wp\/v2\/pages\/853"}],"wp:attachment":[{"href":"http:\/\/www.ekimgecidibursa.com\/index.php\/wp-json\/wp\/v2\/media?parent=229"}],"curies":[{"name":"wp","href":"https:\/\/api.w.org\/{rel}","templated":true}]}}