{"id":578,"date":"2021-10-19T10:06:32","date_gmt":"2021-10-19T10:06:32","guid":{"rendered":"http:\/\/www.ekimgecidibursa.com\/?page_id=578"},"modified":"2023-10-05T10:09:48","modified_gmt":"2023-10-05T10:09:48","slug":"basin-bulteni","status":"publish","type":"page","link":"http:\/\/www.ekimgecidibursa.com\/index.php\/basin-bultenleri\/basin-bulteni\/","title":{"rendered":"Bas\u0131n B\u00fclteni \/ 2022"},"content":{"rendered":"<h2>Ekim Ge\u00e7idi Sergileri bu y\u0131l 21. Y\u0131l\u0131n\u0131 kutluyor!<\/h2>\n<p>Ekim Ge\u00e7idi\u2019nin ilk sergisi 29 Ekim 2002 y\u0131l\u0131nda \u00e7e\u015fitli disiplinlerden 54 sanat\u00e7\u0131n\u0131n kat\u0131l\u0131m\u0131yla Galeri X\u2019in \u0130stanbul Galata\u2019da ki sergi salonunda yap\u0131lm\u0131\u015ft\u0131.<\/p>\n<p><b><img loading=\"lazy\" decoding=\"async\" class=\"wp-image-847 size-thumbnail alignleft\" src=\"http:\/\/www.ekimgecidibursa.com\/wp-content\/uploads\/2022\/10\/Gulsun_Erbil-150x150.png\" alt=\"\" width=\"150\" height=\"150\" srcset=\"http:\/\/www.ekimgecidibursa.com\/wp-content\/uploads\/2022\/10\/Gulsun_Erbil-150x150.png 150w, http:\/\/www.ekimgecidibursa.com\/wp-content\/uploads\/2022\/10\/Gulsun_Erbil-300x300.png 300w, http:\/\/www.ekimgecidibursa.com\/wp-content\/uploads\/2022\/10\/Gulsun_Erbil-1024x1024.png 1024w, http:\/\/www.ekimgecidibursa.com\/wp-content\/uploads\/2022\/10\/Gulsun_Erbil-768x768.png 768w, http:\/\/www.ekimgecidibursa.com\/wp-content\/uploads\/2022\/10\/Gulsun_Erbil-640x640.png 640w, http:\/\/www.ekimgecidibursa.com\/wp-content\/uploads\/2022\/10\/Gulsun_Erbil.png 1212w\" sizes=\"auto, (max-width: 150px) 100vw, 150px\" \/><\/b>Bu sergiler, kendisi de ressam olan G\u00fcls\u00fcn Erbil\u2019in <b>Cumhuriyet<\/b>e ve <b>Atat\u00fcrk<\/b>\u2019e olan tutkusunu, minnet borcunu, Atat\u00fcrk\u2019\u00fcn de \u00e7ok de\u011fer verdi\u011fi sanat ve sanat\u00e7\u0131larla ta\u00e7land\u0131rarak g\u00f6stermek istemesi fikrinden yola \u00e7\u0131km\u0131\u015ft\u0131. Kendisi gibi d\u00fc\u015f\u00fcnen sanat\u00e7\u0131lar\u0131 etraf\u0131nda toplayan <b>G\u00fcls\u00fcn Erbil <\/b>ve arkada\u015flar\u0131, <b>21 y\u0131l<\/b>d\u0131r b\u00fcy\u00fck \u00f6zverilerle bu sergileri bug\u00fcnlere getirdi.<\/p>\n<p><b>Ekim Ge\u00e7idi <\/b>sergisine ismini veren, yine kendisi de bir sanat\u00e7\u0131 ve \u015fair olan Ye\u015fim A\u011fao\u011flu\u2019dur. Bu isim, Cumhuriyet kutlamalar\u0131n\u0131n bir fener alay\u0131, bir \u015fenlik \u015feklinde olmas\u0131 fikrinden yola \u00e7\u0131karak konulmu\u015ftur.<\/p>\n<p>Bu y\u0131l yirmi birincisi 30 ilde yap\u0131lan ve \u00fc\u00e7 binin \u00fczerinde plastik sanatlar\u0131n \u00e7e\u015fitli disiplinlerinden gelen sanat\u00e7\u0131lar\u0131n (resim, heykel, seramik, enstalasyon, video, performans, vb. ) kat\u0131l\u0131m\u0131yla adeta bir sanat ge\u00e7idi olacakt\u0131r.<\/p>\n<p><b><a href=\"http:\/\/www.ekimgecidibursa.com\/index.php\/bize-ulasin\/\"><img loading=\"lazy\" decoding=\"async\" class=\"wp-image-846 size-thumbnail alignleft\" src=\"http:\/\/www.ekimgecidibursa.com\/wp-content\/uploads\/2022\/10\/FT21-150x150.png\" alt=\"\" width=\"150\" height=\"150\" srcset=\"http:\/\/www.ekimgecidibursa.com\/wp-content\/uploads\/2022\/10\/FT21-150x150.png 150w, http:\/\/www.ekimgecidibursa.com\/wp-content\/uploads\/2022\/10\/FT21-300x300.png 300w, http:\/\/www.ekimgecidibursa.com\/wp-content\/uploads\/2022\/10\/FT21-1024x1024.png 1024w, http:\/\/www.ekimgecidibursa.com\/wp-content\/uploads\/2022\/10\/FT21-768x768.png 768w, http:\/\/www.ekimgecidibursa.com\/wp-content\/uploads\/2022\/10\/FT21-1536x1536.png 1536w, http:\/\/www.ekimgecidibursa.com\/wp-content\/uploads\/2022\/10\/FT21-640x640.png 640w, http:\/\/www.ekimgecidibursa.com\/wp-content\/uploads\/2022\/10\/FT21.png 1632w\" sizes=\"auto, (max-width: 150px) 100vw, 150px\" \/><\/a> Bursa<\/b>&#8216;da Ekim Ge\u00e7idi\u2019nin on birincisi <b>Ayfer Demircio\u011flu<\/b>\u2019nun \u00e7al\u0131\u015fmalar\u0131yla ger\u00e7ekle\u015ftiriyoruz.<\/p>\n<p>Cumhuriyetimizin her daim g\u00fc\u00e7l\u00fc ve kal\u0131c\u0131 olmas\u0131 dile\u011fiyle&#8230;<\/p>\n<p>Sergi Katalo\u011funa <a href=\"http:\/\/www.ekimgecidibursa.com\/index.php\/katalog\/\">buradan<\/a> eri\u015febilirsiniz.<\/p>\n<p>Ekim Ge\u00e7idi Bursa Sergisi Koordinasyonunu sa\u011flayan Ayfer Demircio\u011flu&#8217;na ileti\u015fim i\u00e7in <a href=\"http:\/\/www.ekimgecidibursa.com\/index.php\/bize-ulasin\/\">buradan<\/a> ula\u015fabilirsiniz.<\/p>\n","protected":false},"excerpt":{"rendered":"<p>Ekim Ge\u00e7idi Sergileri bu y\u0131l 21. Y\u0131l\u0131n\u0131 kutluyor! Ekim Ge\u00e7idi\u2019nin ilk sergisi 29 Ekim 2002 y\u0131l\u0131nda \u00e7e\u015fitli disiplinlerden 54 sanat\u00e7\u0131n\u0131n kat\u0131l\u0131m\u0131yla Galeri X\u2019in \u0130stanbul Galata\u2019da ki sergi salonunda yap\u0131lm\u0131\u015ft\u0131. Bu sergiler, kendisi de ressam olan G\u00fcls\u00fcn Erbil\u2019in Cumhuriyete ve Atat\u00fcrk\u2019e olan tutkusunu, minnet borcunu, Atat\u00fcrk\u2019\u00fcn de \u00e7ok de\u011fer verdi\u011fi sanat ve sanat\u00e7\u0131larla ta\u00e7land\u0131rarak g\u00f6stermek istemesi &#8230; <a title=\"Bas\u0131n B\u00fclteni \/ 2022\" class=\"read-more\" href=\"http:\/\/www.ekimgecidibursa.com\/index.php\/basin-bultenleri\/basin-bulteni\/\" aria-label=\"Read more about Bas\u0131n B\u00fclteni \/ 2022\">Devam\u0131n\u0131 oku<\/a><\/p>\n","protected":false},"author":1,"featured_media":0,"parent":899,"menu_order":2,"comment_status":"closed","ping_status":"closed","template":"","meta":{"ngg_post_thumbnail":0,"footnotes":""},"class_list":["post-578","page","type-page","status-publish"],"yoast_head":"<!-- This site is optimized with the Yoast SEO plugin v27.4 - https:\/\/yoast.com\/product\/yoast-seo-wordpress\/ -->\n<title>Bas\u0131n B\u00fclteni \/ 2022 - Ekim Ge&ccedil;idi BURSA<\/title>\n<meta name=\"description\" content=\"Ekim Ge\u00e7idi Sergileri bu y\u0131l 21. Y\u0131l\u0131n\u0131 kutluyor!\" \/>\n<meta name=\"robots\" content=\"index, follow, max-snippet:-1, max-image-preview:large, max-video-preview:-1\" \/>\n<link rel=\"canonical\" href=\"https:\/\/www.ekimgecidibursa.com\/index.php\/basin-bultenleri\/basin-bulteni\/\" \/>\n<meta property=\"og:locale\" content=\"tr_TR\" \/>\n<meta property=\"og:type\" content=\"article\" \/>\n<meta property=\"og:title\" content=\"Bas\u0131n B\u00fclteni \/ 2022 - Ekim Ge&ccedil;idi BURSA\" \/>\n<meta property=\"og:description\" content=\"Ekim Ge\u00e7idi Sergileri bu y\u0131l 21. Y\u0131l\u0131n\u0131 kutluyor!\" \/>\n<meta property=\"og:url\" content=\"https:\/\/www.ekimgecidibursa.com\/index.php\/basin-bultenleri\/basin-bulteni\/\" \/>\n<meta property=\"og:site_name\" content=\"Ekim Ge&ccedil;idi BURSA\" \/>\n<meta property=\"article:modified_time\" content=\"2023-10-05T10:09:48+00:00\" \/>\n<meta property=\"og:image\" content=\"http:\/\/www.ekimgecidibursa.com\/wp-content\/uploads\/2022\/10\/Gulsun_Erbil-150x150.png\" \/>\n<meta name=\"twitter:card\" content=\"summary_large_image\" \/>\n<meta name=\"twitter:label1\" content=\"Tahmini okuma s\u00fcresi\" \/>\n\t<meta name=\"twitter:data1\" content=\"2 dakika\" \/>\n<script type=\"application\/ld+json\" class=\"yoast-schema-graph\">{\"@context\":\"https:\\\/\\\/schema.org\",\"@graph\":[{\"@type\":\"WebPage\",\"@id\":\"https:\\\/\\\/www.ekimgecidibursa.com\\\/index.php\\\/basin-bultenleri\\\/basin-bulteni\\\/\",\"url\":\"https:\\\/\\\/www.ekimgecidibursa.com\\\/index.php\\\/basin-bultenleri\\\/basin-bulteni\\\/\",\"name\":\"Bas\u0131n B\u00fclteni \\\/ 2022 - Ekim Ge&ccedil;idi BURSA\",\"isPartOf\":{\"@id\":\"http:\\\/\\\/www.ekimgecidibursa.com\\\/#website\"},\"primaryImageOfPage\":{\"@id\":\"https:\\\/\\\/www.ekimgecidibursa.com\\\/index.php\\\/basin-bultenleri\\\/basin-bulteni\\\/#primaryimage\"},\"image\":{\"@id\":\"https:\\\/\\\/www.ekimgecidibursa.com\\\/index.php\\\/basin-bultenleri\\\/basin-bulteni\\\/#primaryimage\"},\"thumbnailUrl\":\"http:\\\/\\\/www.ekimgecidibursa.com\\\/wp-content\\\/uploads\\\/2022\\\/10\\\/Gulsun_Erbil-150x150.png\",\"datePublished\":\"2021-10-19T10:06:32+00:00\",\"dateModified\":\"2023-10-05T10:09:48+00:00\",\"description\":\"Ekim Ge\u00e7idi Sergileri bu y\u0131l 21. Y\u0131l\u0131n\u0131 kutluyor!\",\"breadcrumb\":{\"@id\":\"https:\\\/\\\/www.ekimgecidibursa.com\\\/index.php\\\/basin-bultenleri\\\/basin-bulteni\\\/#breadcrumb\"},\"inLanguage\":\"tr\",\"potentialAction\":[{\"@type\":\"ReadAction\",\"target\":[\"https:\\\/\\\/www.ekimgecidibursa.com\\\/index.php\\\/basin-bultenleri\\\/basin-bulteni\\\/\"]}]},{\"@type\":\"ImageObject\",\"inLanguage\":\"tr\",\"@id\":\"https:\\\/\\\/www.ekimgecidibursa.com\\\/index.php\\\/basin-bultenleri\\\/basin-bulteni\\\/#primaryimage\",\"url\":\"http:\\\/\\\/www.ekimgecidibursa.com\\\/wp-content\\\/uploads\\\/2022\\\/10\\\/Gulsun_Erbil.png\",\"contentUrl\":\"http:\\\/\\\/www.ekimgecidibursa.com\\\/wp-content\\\/uploads\\\/2022\\\/10\\\/Gulsun_Erbil.png\",\"width\":1212,\"height\":1212},{\"@type\":\"BreadcrumbList\",\"@id\":\"https:\\\/\\\/www.ekimgecidibursa.com\\\/index.php\\\/basin-bultenleri\\\/basin-bulteni\\\/#breadcrumb\",\"itemListElement\":[{\"@type\":\"ListItem\",\"position\":1,\"name\":\"Ana sayfa\",\"item\":\"http:\\\/\\\/www.ekimgecidibursa.com\\\/\"},{\"@type\":\"ListItem\",\"position\":2,\"name\":\"Bas\u0131n B\u00fcltenleri\",\"item\":\"https:\\\/\\\/www.ekimgecidibursa.com\\\/index.php\\\/basin-bultenleri\\\/\"},{\"@type\":\"ListItem\",\"position\":3,\"name\":\"Bas\u0131n B\u00fclteni \\\/ 2022\"}]},{\"@type\":\"WebSite\",\"@id\":\"http:\\\/\\\/www.ekimgecidibursa.com\\\/#website\",\"url\":\"http:\\\/\\\/www.ekimgecidibursa.com\\\/\",\"name\":\"Ekim Ge\u00e7idi Bursa\",\"description\":\"Disiplinler Aras\u0131 Karma Sergi -Proje: G&uuml;ls&uuml;n ERB\u0130L, Organizat&ouml;r: Ayfer DEM\u0130RC\u0130O\u011eLU Tasar\u0131m: Sedat KUMOVA\",\"publisher\":{\"@id\":\"http:\\\/\\\/www.ekimgecidibursa.com\\\/#organization\"},\"potentialAction\":[{\"@type\":\"SearchAction\",\"target\":{\"@type\":\"EntryPoint\",\"urlTemplate\":\"http:\\\/\\\/www.ekimgecidibursa.com\\\/?s={search_term_string}\"},\"query-input\":{\"@type\":\"PropertyValueSpecification\",\"valueRequired\":true,\"valueName\":\"search_term_string\"}}],\"inLanguage\":\"tr\"},{\"@type\":\"Organization\",\"@id\":\"http:\\\/\\\/www.ekimgecidibursa.com\\\/#organization\",\"name\":\"Ekim Ge\u00e7idi Bursa\",\"url\":\"http:\\\/\\\/www.ekimgecidibursa.com\\\/\",\"logo\":{\"@type\":\"ImageObject\",\"inLanguage\":\"tr\",\"@id\":\"http:\\\/\\\/www.ekimgecidibursa.com\\\/#\\\/schema\\\/logo\\\/image\\\/\",\"url\":\"http:\\\/\\\/www.ekimgecidibursa.com\\\/wp-content\\\/uploads\\\/2020\\\/10\\\/cropped-EKIM_GECIDI_LOGO_512p.png\",\"contentUrl\":\"http:\\\/\\\/www.ekimgecidibursa.com\\\/wp-content\\\/uploads\\\/2020\\\/10\\\/cropped-EKIM_GECIDI_LOGO_512p.png\",\"width\":512,\"height\":512,\"caption\":\"Ekim Ge\u00e7idi Bursa\"},\"image\":{\"@id\":\"http:\\\/\\\/www.ekimgecidibursa.com\\\/#\\\/schema\\\/logo\\\/image\\\/\"},\"sameAs\":[\"https:\\\/\\\/instagram.com\\\/bursa2021.ekimgecidi\"]}]}<\/script>\n<!-- \/ Yoast SEO plugin. -->","yoast_head_json":{"title":"Bas\u0131n B\u00fclteni \/ 2022 - Ekim Ge&ccedil;idi BURSA","description":"Ekim Ge\u00e7idi Sergileri bu y\u0131l 21. Y\u0131l\u0131n\u0131 kutluyor!","robots":{"index":"index","follow":"follow","max-snippet":"max-snippet:-1","max-image-preview":"max-image-preview:large","max-video-preview":"max-video-preview:-1"},"canonical":"https:\/\/www.ekimgecidibursa.com\/index.php\/basin-bultenleri\/basin-bulteni\/","og_locale":"tr_TR","og_type":"article","og_title":"Bas\u0131n B\u00fclteni \/ 2022 - Ekim Ge&ccedil;idi BURSA","og_description":"Ekim Ge\u00e7idi Sergileri bu y\u0131l 21. Y\u0131l\u0131n\u0131 kutluyor!","og_url":"https:\/\/www.ekimgecidibursa.com\/index.php\/basin-bultenleri\/basin-bulteni\/","og_site_name":"Ekim Ge&ccedil;idi BURSA","article_modified_time":"2023-10-05T10:09:48+00:00","og_image":[{"url":"http:\/\/www.ekimgecidibursa.com\/wp-content\/uploads\/2022\/10\/Gulsun_Erbil-150x150.png","type":"","width":"","height":""}],"twitter_card":"summary_large_image","twitter_misc":{"Tahmini okuma s\u00fcresi":"2 dakika"},"schema":{"@context":"https:\/\/schema.org","@graph":[{"@type":"WebPage","@id":"https:\/\/www.ekimgecidibursa.com\/index.php\/basin-bultenleri\/basin-bulteni\/","url":"https:\/\/www.ekimgecidibursa.com\/index.php\/basin-bultenleri\/basin-bulteni\/","name":"Bas\u0131n B\u00fclteni \/ 2022 - Ekim Ge&ccedil;idi BURSA","isPartOf":{"@id":"http:\/\/www.ekimgecidibursa.com\/#website"},"primaryImageOfPage":{"@id":"https:\/\/www.ekimgecidibursa.com\/index.php\/basin-bultenleri\/basin-bulteni\/#primaryimage"},"image":{"@id":"https:\/\/www.ekimgecidibursa.com\/index.php\/basin-bultenleri\/basin-bulteni\/#primaryimage"},"thumbnailUrl":"http:\/\/www.ekimgecidibursa.com\/wp-content\/uploads\/2022\/10\/Gulsun_Erbil-150x150.png","datePublished":"2021-10-19T10:06:32+00:00","dateModified":"2023-10-05T10:09:48+00:00","description":"Ekim Ge\u00e7idi Sergileri bu y\u0131l 21. Y\u0131l\u0131n\u0131 kutluyor!","breadcrumb":{"@id":"https:\/\/www.ekimgecidibursa.com\/index.php\/basin-bultenleri\/basin-bulteni\/#breadcrumb"},"inLanguage":"tr","potentialAction":[{"@type":"ReadAction","target":["https:\/\/www.ekimgecidibursa.com\/index.php\/basin-bultenleri\/basin-bulteni\/"]}]},{"@type":"ImageObject","inLanguage":"tr","@id":"https:\/\/www.ekimgecidibursa.com\/index.php\/basin-bultenleri\/basin-bulteni\/#primaryimage","url":"http:\/\/www.ekimgecidibursa.com\/wp-content\/uploads\/2022\/10\/Gulsun_Erbil.png","contentUrl":"http:\/\/www.ekimgecidibursa.com\/wp-content\/uploads\/2022\/10\/Gulsun_Erbil.png","width":1212,"height":1212},{"@type":"BreadcrumbList","@id":"https:\/\/www.ekimgecidibursa.com\/index.php\/basin-bultenleri\/basin-bulteni\/#breadcrumb","itemListElement":[{"@type":"ListItem","position":1,"name":"Ana sayfa","item":"http:\/\/www.ekimgecidibursa.com\/"},{"@type":"ListItem","position":2,"name":"Bas\u0131n B\u00fcltenleri","item":"https:\/\/www.ekimgecidibursa.com\/index.php\/basin-bultenleri\/"},{"@type":"ListItem","position":3,"name":"Bas\u0131n B\u00fclteni \/ 2022"}]},{"@type":"WebSite","@id":"http:\/\/www.ekimgecidibursa.com\/#website","url":"http:\/\/www.ekimgecidibursa.com\/","name":"Ekim Ge\u00e7idi Bursa","description":"Disiplinler Aras\u0131 Karma Sergi -Proje: G&uuml;ls&uuml;n ERB\u0130L, Organizat&ouml;r: Ayfer DEM\u0130RC\u0130O\u011eLU Tasar\u0131m: Sedat KUMOVA","publisher":{"@id":"http:\/\/www.ekimgecidibursa.com\/#organization"},"potentialAction":[{"@type":"SearchAction","target":{"@type":"EntryPoint","urlTemplate":"http:\/\/www.ekimgecidibursa.com\/?s={search_term_string}"},"query-input":{"@type":"PropertyValueSpecification","valueRequired":true,"valueName":"search_term_string"}}],"inLanguage":"tr"},{"@type":"Organization","@id":"http:\/\/www.ekimgecidibursa.com\/#organization","name":"Ekim Ge\u00e7idi Bursa","url":"http:\/\/www.ekimgecidibursa.com\/","logo":{"@type":"ImageObject","inLanguage":"tr","@id":"http:\/\/www.ekimgecidibursa.com\/#\/schema\/logo\/image\/","url":"http:\/\/www.ekimgecidibursa.com\/wp-content\/uploads\/2020\/10\/cropped-EKIM_GECIDI_LOGO_512p.png","contentUrl":"http:\/\/www.ekimgecidibursa.com\/wp-content\/uploads\/2020\/10\/cropped-EKIM_GECIDI_LOGO_512p.png","width":512,"height":512,"caption":"Ekim Ge\u00e7idi Bursa"},"image":{"@id":"http:\/\/www.ekimgecidibursa.com\/#\/schema\/logo\/image\/"},"sameAs":["https:\/\/instagram.com\/bursa2021.ekimgecidi"]}]}},"_links":{"self":[{"href":"http:\/\/www.ekimgecidibursa.com\/index.php\/wp-json\/wp\/v2\/pages\/578","targetHints":{"allow":["GET"]}}],"collection":[{"href":"http:\/\/www.ekimgecidibursa.com\/index.php\/wp-json\/wp\/v2\/pages"}],"about":[{"href":"http:\/\/www.ekimgecidibursa.com\/index.php\/wp-json\/wp\/v2\/types\/page"}],"author":[{"embeddable":true,"href":"http:\/\/www.ekimgecidibursa.com\/index.php\/wp-json\/wp\/v2\/users\/1"}],"replies":[{"embeddable":true,"href":"http:\/\/www.ekimgecidibursa.com\/index.php\/wp-json\/wp\/v2\/comments?post=578"}],"version-history":[{"count":10,"href":"http:\/\/www.ekimgecidibursa.com\/index.php\/wp-json\/wp\/v2\/pages\/578\/revisions"}],"predecessor-version":[{"id":895,"href":"http:\/\/www.ekimgecidibursa.com\/index.php\/wp-json\/wp\/v2\/pages\/578\/revisions\/895"}],"up":[{"embeddable":true,"href":"http:\/\/www.ekimgecidibursa.com\/index.php\/wp-json\/wp\/v2\/pages\/899"}],"wp:attachment":[{"href":"http:\/\/www.ekimgecidibursa.com\/index.php\/wp-json\/wp\/v2\/media?parent=578"}],"curies":[{"name":"wp","href":"https:\/\/api.w.org\/{rel}","templated":true}]}}