{"id":7,"date":"2020-10-01T12:40:19","date_gmt":"2020-10-01T12:40:19","guid":{"rendered":"http:\/\/www.ekimgecidibursa.com\/?page_id=7"},"modified":"2024-10-31T10:30:52","modified_gmt":"2024-10-31T10:30:52","slug":"hakkimizda","status":"publish","type":"page","link":"http:\/\/www.ekimgecidibursa.com\/index.php\/hakkimizda\/","title":{"rendered":"Hakk\u0131nda"},"content":{"rendered":"<h3 class=\"vc_custom_heading font-weight-bold vc_custom_1600899300587\">Cumhuriyet&#8217;in Kurucusu Mustafa Kemal Atat\u00fcrk&#8217; e Sevgi ve Sayg\u0131yla<\/h3>\n<div class=\"vc_empty_space\"><span style=\"color: #ff0000;\"><em><span style=\"font-size: 16px;\">&nbsp;<div id=\"mtphr-dnt-1165\" class=\"mtphr-dnt mtphr-dnt-1165 mtphr-dnt-default mtphr-dnt-scroll mtphr-dnt-scroll-left\"><div class=\"mtphr-dnt-wrapper mtphr-dnt-clearfix\"><div class=\"mtphr-dnt-tick-container\"><div class=\"mtphr-dnt-tick-contents\"><div class=\"mtphr-dnt-tick mtphr-dnt-default-tick mtphr-dnt-clearfix \"><p style=\"text-align: center\">&#8220;Bir millet sanatta, bilimde ne kadar ilerlerse, medeniyet yolunda o kadar yol al\u0131r.&#8221;&nbsp; <strong>Mustafa Kemal Atat\u00fcrk<\/strong><\/p><\/div><\/div><\/div><\/div><\/div><\/span><\/em><\/span><\/div>\n<div class=\"wpb_text_column wpb_content_element \">\n<div class=\"wpb_wrapper\">\n<p>Mustafa Kemal Atat\u00fcrk\u2019\u00fcn sanat anlay\u0131\u015f\u0131, Cumhuriyeti kendisinin varl\u0131k nedeni olarak g\u00f6ren sanat\u00e7\u0131larla bulu\u015ftu\u011fu \u00f6nemli bir yolculuktur. Bu ba\u011flamda, 23 y\u0131ld\u0131r d\u00fczenlenen geleneksel Ekim Ge\u00e7idi sergileri, 29 Ekim 2002\u2019den itibaren Atat\u00fcrk\u2019\u00fcn \u00e7a\u011fda\u015fl\u0131k kavram\u0131na uygun olarak ger\u00e7ekle\u015ftirilmektedir. Sergilerimizin amac\u0131, her t\u00fcrl\u00fc disiplini kapsayan heykel, resim, enstalasyon, seramik, video, foto\u011fraf ve performans gibi alanlarda eser \u00fcreten \u00e7a\u011fda\u015f T\u00fcrk sanat\u00e7\u0131lar\u0131n\u0131n yurt i\u00e7inde ve yurt d\u0131\u015f\u0131nda tan\u0131t\u0131lmas\u0131d\u0131r.<\/p>\n<p>Ekim Ge\u00e7idi sergileri, farkl\u0131 s\u00f6ylemleri olan profesyonel ve otodidakt sanat\u00e7\u0131lar\u0131 bir araya getirerek \u00e7a\u011fda\u015f uygarl\u0131k d\u00fczeyini yakalama \u00e7abalar\u0131n\u0131 destekleyen \u00f6nemli bir karma sergidir. Kap\u0131lar\u0131n\u0131 t\u00fcm sanat\u00e7\u0131lara a\u00e7an ba\u015fka bir Cumhuriyet Sergisi\u2019nin olmay\u0131\u015f\u0131, bu serginin ne kadar de\u011ferli oldu\u011funu g\u00f6stermektedir.<\/p>\n<p>Projemizi, Mevlana Celaleddin Rumi\u2019nin &#8220;Gel, gel ne olursan ol yine gel.&#8221; \u00e7a\u011fr\u0131s\u0131yla ba\u015flatm\u0131\u015f bulunmaktay\u0131z. Bu projede yer alan sanat\u00e7\u0131lar, Cumhuriyetimize ve kurucusu Mustafa Kemal Atat\u00fcrk ile arkada\u015flar\u0131na sayg\u0131dan hareketle bir araya gelmi\u015flerdir.<\/p>\n<p>Ekim Ge\u00e7idi sergilerinin belirli bir temas\u0131 yoktur. Bu durum, Cumhuriyetimiz sayesinde yarat\u0131c\u0131 sanat yapanlar\u0131n yeniden do\u011fu\u015funun simgesel bir ifadesidir. Teman\u0131n olmamas\u0131, eserlerine \u00f6zveri, emek ve bilgi koyan sanat\u00e7\u0131lar\u0131m\u0131z\u0131n \u00f6zg\u00fcnl\u00fck ve \u00f6zg\u00fcrl\u00fck anlay\u0131\u015f\u0131n\u0131 desteklemek i\u00e7in de gereklidir.<\/p>\n<p>Sanatseverlerin deste\u011fiyle 23. kez d\u00fczenlenen Ekim Ge\u00e7idi sergilerinin, \u00e7a\u011fda\u015f T\u00fcrk sanat\u00e7\u0131lar\u0131 ve eserlerinin d\u00fcnya genelinde daha fazla tan\u0131nma olana\u011f\u0131na kavu\u015faca\u011f\u0131na olan inanc\u0131m\u0131z sonsuzdur.<\/p>\n<p>Sonsuza dek nice Ekim Ge\u00e7idi sergilerine,<\/p>\n<\/div>\n<\/div>\n<div class=\"wpb_text_column wpb_content_element \">\n<div class=\"wpb_wrapper\">\n<p>Sevgilerimle\u2026<\/p>\n<p><strong>G\u00fcls\u00fcn Erbil<\/strong><\/p>\n<p><span style=\"color: #ff0000;\"><em><span style=\"font-size: 16px;\"> <div id=\"mtphr-dnt-427\" class=\"mtphr-dnt mtphr-dnt-427 mtphr-dnt-default mtphr-dnt-scroll mtphr-dnt-scroll-left\"><div class=\"mtphr-dnt-wrapper mtphr-dnt-clearfix\"><div class=\"mtphr-dnt-tick-container\"><div class=\"mtphr-dnt-tick-contents\"><div class=\"mtphr-dnt-tick mtphr-dnt-default-tick mtphr-dnt-clearfix \"><blockquote>\u201cBir millet sanattan ve sanatkardan mahrumsa tam bir hayata malik olamaz. Sanats\u0131z kalan bir milletin hayat damarlar\u0131ndan biri kopmu\u015f olur.\u201d <strong>Mustafa Kemal Atat\u00fcrk<\/strong><\/blockquote><\/div><\/div><\/div><\/div><\/div><\/span><\/em><\/span><\/p>\n<\/div>\n<\/div>\n","protected":false},"excerpt":{"rendered":"<h3 class=\"vc_custom_heading font-weight-bold vc_custom_1600899300587\">Cumhuriyet&#8217;in Kurucusu Mustafa Kemal Atat\u00fcrk&#8217; e Sevgi ve Sayg\u0131yla<\/h3>\n<div class=\"vc_empty_space\"><span style=\"color: #ff0000;\"><em><span style=\"font-size: 16px;\">&nbsp;[ditty_n&#8230;<\/p>\n","protected":false},"author":1,"featured_media":0,"parent":0,"menu_order":0,"comment_status":"closed","ping_status":"closed","template":"","meta":{"ngg_post_thumbnail":0,"footnotes":""},"class_list":["post-7","page","type-page","status-publish"],"yoast_head":"<!-- This site is optimized with the Yoast SEO plugin v27.4 - https:\/\/yoast.com\/product\/yoast-seo-wordpress\/ -->\n<title>Hakk\u0131nda - Ekim Ge&ccedil;idi BURSA<\/title>\n<meta name=\"description\" content=\"Cumhuriyet&#039;in Kurucusu Mustafa Kemal Atat\u00fcrk&#039; e Sevgi ve Sayg\u0131yla... Sonsuza dek nice Ekim Ge\u00e7idi sergilerine...\" \/>\n<meta name=\"robots\" content=\"index, follow, max-snippet:-1, max-image-preview:large, max-video-preview:-1\" \/>\n<link rel=\"canonical\" href=\"http:\/\/www.ekimgecidibursa.com\/index.php\/hakkimizda\/\" \/>\n<meta property=\"og:locale\" content=\"tr_TR\" \/>\n<meta property=\"og:type\" content=\"article\" \/>\n<meta property=\"og:title\" content=\"Hakk\u0131nda - Ekim Ge&ccedil;idi BURSA\" \/>\n<meta property=\"og:description\" content=\"Cumhuriyet&#039;in Kurucusu Mustafa Kemal Atat\u00fcrk&#039; e Sevgi ve Sayg\u0131yla... Sonsuza dek nice Ekim Ge\u00e7idi sergilerine...\" \/>\n<meta property=\"og:url\" content=\"http:\/\/www.ekimgecidibursa.com\/index.php\/hakkimizda\/\" \/>\n<meta property=\"og:site_name\" content=\"Ekim Ge&ccedil;idi BURSA\" \/>\n<meta property=\"article:modified_time\" content=\"2024-10-31T10:30:52+00:00\" \/>\n<meta name=\"twitter:card\" content=\"summary_large_image\" \/>\n<meta name=\"twitter:label1\" content=\"Tahmini okuma s\u00fcresi\" \/>\n\t<meta name=\"twitter:data1\" content=\"2 dakika\" \/>\n<script type=\"application\/ld+json\" class=\"yoast-schema-graph\">{\"@context\":\"https:\\\/\\\/schema.org\",\"@graph\":[{\"@type\":\"WebPage\",\"@id\":\"http:\\\/\\\/www.ekimgecidibursa.com\\\/index.php\\\/hakkimizda\\\/\",\"url\":\"http:\\\/\\\/www.ekimgecidibursa.com\\\/index.php\\\/hakkimizda\\\/\",\"name\":\"Hakk\u0131nda - Ekim Ge&ccedil;idi BURSA\",\"isPartOf\":{\"@id\":\"http:\\\/\\\/www.ekimgecidibursa.com\\\/#website\"},\"datePublished\":\"2020-10-01T12:40:19+00:00\",\"dateModified\":\"2024-10-31T10:30:52+00:00\",\"description\":\"Cumhuriyet'in Kurucusu Mustafa Kemal Atat\u00fcrk' e Sevgi ve Sayg\u0131yla... Sonsuza dek nice Ekim Ge\u00e7idi sergilerine...\",\"breadcrumb\":{\"@id\":\"http:\\\/\\\/www.ekimgecidibursa.com\\\/index.php\\\/hakkimizda\\\/#breadcrumb\"},\"inLanguage\":\"tr\",\"potentialAction\":[{\"@type\":\"ReadAction\",\"target\":[\"http:\\\/\\\/www.ekimgecidibursa.com\\\/index.php\\\/hakkimizda\\\/\"]}]},{\"@type\":\"BreadcrumbList\",\"@id\":\"http:\\\/\\\/www.ekimgecidibursa.com\\\/index.php\\\/hakkimizda\\\/#breadcrumb\",\"itemListElement\":[{\"@type\":\"ListItem\",\"position\":1,\"name\":\"Ana sayfa\",\"item\":\"http:\\\/\\\/www.ekimgecidibursa.com\\\/\"},{\"@type\":\"ListItem\",\"position\":2,\"name\":\"Hakk\u0131nda\"}]},{\"@type\":\"WebSite\",\"@id\":\"http:\\\/\\\/www.ekimgecidibursa.com\\\/#website\",\"url\":\"http:\\\/\\\/www.ekimgecidibursa.com\\\/\",\"name\":\"Ekim Ge\u00e7idi Bursa\",\"description\":\"Disiplinler Aras\u0131 Karma Sergi -Proje: G&uuml;ls&uuml;n ERB\u0130L, Organizat&ouml;r: Ayfer DEM\u0130RC\u0130O\u011eLU Tasar\u0131m: Sedat KUMOVA\",\"publisher\":{\"@id\":\"http:\\\/\\\/www.ekimgecidibursa.com\\\/#organization\"},\"potentialAction\":[{\"@type\":\"SearchAction\",\"target\":{\"@type\":\"EntryPoint\",\"urlTemplate\":\"http:\\\/\\\/www.ekimgecidibursa.com\\\/?s={search_term_string}\"},\"query-input\":{\"@type\":\"PropertyValueSpecification\",\"valueRequired\":true,\"valueName\":\"search_term_string\"}}],\"inLanguage\":\"tr\"},{\"@type\":\"Organization\",\"@id\":\"http:\\\/\\\/www.ekimgecidibursa.com\\\/#organization\",\"name\":\"Ekim Ge\u00e7idi Bursa\",\"url\":\"http:\\\/\\\/www.ekimgecidibursa.com\\\/\",\"logo\":{\"@type\":\"ImageObject\",\"inLanguage\":\"tr\",\"@id\":\"http:\\\/\\\/www.ekimgecidibursa.com\\\/#\\\/schema\\\/logo\\\/image\\\/\",\"url\":\"http:\\\/\\\/www.ekimgecidibursa.com\\\/wp-content\\\/uploads\\\/2020\\\/10\\\/cropped-EKIM_GECIDI_LOGO_512p.png\",\"contentUrl\":\"http:\\\/\\\/www.ekimgecidibursa.com\\\/wp-content\\\/uploads\\\/2020\\\/10\\\/cropped-EKIM_GECIDI_LOGO_512p.png\",\"width\":512,\"height\":512,\"caption\":\"Ekim Ge\u00e7idi Bursa\"},\"image\":{\"@id\":\"http:\\\/\\\/www.ekimgecidibursa.com\\\/#\\\/schema\\\/logo\\\/image\\\/\"},\"sameAs\":[\"https:\\\/\\\/instagram.com\\\/bursa2021.ekimgecidi\"]}]}<\/script>\n<!-- \/ Yoast SEO plugin. -->","yoast_head_json":{"title":"Hakk\u0131nda - Ekim Ge&ccedil;idi BURSA","description":"Cumhuriyet'in Kurucusu Mustafa Kemal Atat\u00fcrk' e Sevgi ve Sayg\u0131yla... Sonsuza dek nice Ekim Ge\u00e7idi sergilerine...","robots":{"index":"index","follow":"follow","max-snippet":"max-snippet:-1","max-image-preview":"max-image-preview:large","max-video-preview":"max-video-preview:-1"},"canonical":"http:\/\/www.ekimgecidibursa.com\/index.php\/hakkimizda\/","og_locale":"tr_TR","og_type":"article","og_title":"Hakk\u0131nda - Ekim Ge&ccedil;idi BURSA","og_description":"Cumhuriyet'in Kurucusu Mustafa Kemal Atat\u00fcrk' e Sevgi ve Sayg\u0131yla... Sonsuza dek nice Ekim Ge\u00e7idi sergilerine...","og_url":"http:\/\/www.ekimgecidibursa.com\/index.php\/hakkimizda\/","og_site_name":"Ekim Ge&ccedil;idi BURSA","article_modified_time":"2024-10-31T10:30:52+00:00","twitter_card":"summary_large_image","twitter_misc":{"Tahmini okuma s\u00fcresi":"2 dakika"},"schema":{"@context":"https:\/\/schema.org","@graph":[{"@type":"WebPage","@id":"http:\/\/www.ekimgecidibursa.com\/index.php\/hakkimizda\/","url":"http:\/\/www.ekimgecidibursa.com\/index.php\/hakkimizda\/","name":"Hakk\u0131nda - Ekim Ge&ccedil;idi BURSA","isPartOf":{"@id":"http:\/\/www.ekimgecidibursa.com\/#website"},"datePublished":"2020-10-01T12:40:19+00:00","dateModified":"2024-10-31T10:30:52+00:00","description":"Cumhuriyet'in Kurucusu Mustafa Kemal Atat\u00fcrk' e Sevgi ve Sayg\u0131yla... Sonsuza dek nice Ekim Ge\u00e7idi sergilerine...","breadcrumb":{"@id":"http:\/\/www.ekimgecidibursa.com\/index.php\/hakkimizda\/#breadcrumb"},"inLanguage":"tr","potentialAction":[{"@type":"ReadAction","target":["http:\/\/www.ekimgecidibursa.com\/index.php\/hakkimizda\/"]}]},{"@type":"BreadcrumbList","@id":"http:\/\/www.ekimgecidibursa.com\/index.php\/hakkimizda\/#breadcrumb","itemListElement":[{"@type":"ListItem","position":1,"name":"Ana sayfa","item":"http:\/\/www.ekimgecidibursa.com\/"},{"@type":"ListItem","position":2,"name":"Hakk\u0131nda"}]},{"@type":"WebSite","@id":"http:\/\/www.ekimgecidibursa.com\/#website","url":"http:\/\/www.ekimgecidibursa.com\/","name":"Ekim Ge\u00e7idi Bursa","description":"Disiplinler Aras\u0131 Karma Sergi -Proje: G&uuml;ls&uuml;n ERB\u0130L, Organizat&ouml;r: Ayfer DEM\u0130RC\u0130O\u011eLU Tasar\u0131m: Sedat KUMOVA","publisher":{"@id":"http:\/\/www.ekimgecidibursa.com\/#organization"},"potentialAction":[{"@type":"SearchAction","target":{"@type":"EntryPoint","urlTemplate":"http:\/\/www.ekimgecidibursa.com\/?s={search_term_string}"},"query-input":{"@type":"PropertyValueSpecification","valueRequired":true,"valueName":"search_term_string"}}],"inLanguage":"tr"},{"@type":"Organization","@id":"http:\/\/www.ekimgecidibursa.com\/#organization","name":"Ekim Ge\u00e7idi Bursa","url":"http:\/\/www.ekimgecidibursa.com\/","logo":{"@type":"ImageObject","inLanguage":"tr","@id":"http:\/\/www.ekimgecidibursa.com\/#\/schema\/logo\/image\/","url":"http:\/\/www.ekimgecidibursa.com\/wp-content\/uploads\/2020\/10\/cropped-EKIM_GECIDI_LOGO_512p.png","contentUrl":"http:\/\/www.ekimgecidibursa.com\/wp-content\/uploads\/2020\/10\/cropped-EKIM_GECIDI_LOGO_512p.png","width":512,"height":512,"caption":"Ekim Ge\u00e7idi Bursa"},"image":{"@id":"http:\/\/www.ekimgecidibursa.com\/#\/schema\/logo\/image\/"},"sameAs":["https:\/\/instagram.com\/bursa2021.ekimgecidi"]}]}},"_links":{"self":[{"href":"http:\/\/www.ekimgecidibursa.com\/index.php\/wp-json\/wp\/v2\/pages\/7","targetHints":{"allow":["GET"]}}],"collection":[{"href":"http:\/\/www.ekimgecidibursa.com\/index.php\/wp-json\/wp\/v2\/pages"}],"about":[{"href":"http:\/\/www.ekimgecidibursa.com\/index.php\/wp-json\/wp\/v2\/types\/page"}],"author":[{"embeddable":true,"href":"http:\/\/www.ekimgecidibursa.com\/index.php\/wp-json\/wp\/v2\/users\/1"}],"replies":[{"embeddable":true,"href":"http:\/\/www.ekimgecidibursa.com\/index.php\/wp-json\/wp\/v2\/comments?post=7"}],"version-history":[{"count":27,"href":"http:\/\/www.ekimgecidibursa.com\/index.php\/wp-json\/wp\/v2\/pages\/7\/revisions"}],"predecessor-version":[{"id":1177,"href":"http:\/\/www.ekimgecidibursa.com\/index.php\/wp-json\/wp\/v2\/pages\/7\/revisions\/1177"}],"wp:attachment":[{"href":"http:\/\/www.ekimgecidibursa.com\/index.php\/wp-json\/wp\/v2\/media?parent=7"}],"curies":[{"name":"wp","href":"https:\/\/api.w.org\/{rel}","templated":true}]}}