{"id":8,"date":"2020-10-01T12:40:19","date_gmt":"2020-10-01T12:40:19","guid":{"rendered":"http:\/\/www.ekimgecidibursa.com\/?page_id=8"},"modified":"2024-10-18T11:36:24","modified_gmt":"2024-10-18T11:36:24","slug":"bize-ulasin","status":"publish","type":"page","link":"http:\/\/www.ekimgecidibursa.com\/index.php\/bize-ulasin\/","title":{"rendered":"Bize ula\u015f\u0131n"},"content":{"rendered":"\r\n<div class=\"wpb_text_column wpb_content_element  vc_custom_1600625234709\">\r\n<div class=\"wpb_wrapper\">\r\n<p><strong><img loading=\"lazy\" decoding=\"async\" class=\"alignleft wp-image-846 \" src=\"http:\/\/www.ekimgecidibursa.com\/wp-content\/uploads\/2022\/10\/FT21-150x150.png\" alt=\"\" width=\"168\" height=\"168\" srcset=\"http:\/\/www.ekimgecidibursa.com\/wp-content\/uploads\/2022\/10\/FT21-150x150.png 150w, http:\/\/www.ekimgecidibursa.com\/wp-content\/uploads\/2022\/10\/FT21-300x300.png 300w, http:\/\/www.ekimgecidibursa.com\/wp-content\/uploads\/2022\/10\/FT21-1024x1024.png 1024w, http:\/\/www.ekimgecidibursa.com\/wp-content\/uploads\/2022\/10\/FT21-768x768.png 768w, http:\/\/www.ekimgecidibursa.com\/wp-content\/uploads\/2022\/10\/FT21-1536x1536.png 1536w, http:\/\/www.ekimgecidibursa.com\/wp-content\/uploads\/2022\/10\/FT21-640x640.png 640w, http:\/\/www.ekimgecidibursa.com\/wp-content\/uploads\/2022\/10\/FT21.png 1632w\" sizes=\"auto, (max-width: 168px) 100vw, 168px\" \/><\/strong><\/p>\r\n<p><strong>Bursa Proje Koordinasyon<\/strong><\/p>\r\n<p>Ayfer Demircio\u011flu<\/p>\r\n<p><strong>Gsm: <\/strong>90 (535) 929 53 37<\/p>\r\n<\/div>\r\n<p><strong>Web:<\/strong> <a href=\"http:\/\/www.ayferdemircioglu.com.tr\/\">www.ayferdemircioglu.com.tr<\/a><\/p>\r\n<div class=\"wpb_wrapper\">\r\n<p>&nbsp;<\/p>\r\n<hr \/>\r\n<p><strong><img loading=\"lazy\" decoding=\"async\" class=\"alignleft wp-image-881 \" src=\"http:\/\/www.ekimgecidibursa.com\/wp-content\/uploads\/2023\/05\/OAHU0883-e1684417502343-225x300.jpg\" alt=\"Sedat Kumova\" width=\"155\" height=\"206\" srcset=\"http:\/\/www.ekimgecidibursa.com\/wp-content\/uploads\/2023\/05\/OAHU0883-e1684417502343-225x300.jpg 225w, http:\/\/www.ekimgecidibursa.com\/wp-content\/uploads\/2023\/05\/OAHU0883-e1684417502343-768x1024.jpg 768w, http:\/\/www.ekimgecidibursa.com\/wp-content\/uploads\/2023\/05\/OAHU0883-e1684417502343-1152x1536.jpg 1152w, http:\/\/www.ekimgecidibursa.com\/wp-content\/uploads\/2023\/05\/OAHU0883-e1684417502343-640x853.jpg 640w, http:\/\/www.ekimgecidibursa.com\/wp-content\/uploads\/2023\/05\/OAHU0883-e1684417502343.jpg 1200w\" sizes=\"auto, (max-width: 155px) 100vw, 155px\" \/><\/strong><\/p>\r\n<p>&nbsp;<\/p>\r\n<p><strong>Tasar\u0131m Uygulama<\/strong><\/p>\r\n<p>Sedat Kumova<\/p>\r\n<p><strong>Gsm:<\/strong> 90 (532) 670 95 70<\/p>\r\n<p><strong>Web:<\/strong> <a href=\"http:\/\/www.sedatkumova.com.tr\">www.sedatkumova.com.tr<\/a><\/p>\r\n<\/div>\r\n<\/div>\r\n","protected":false},"excerpt":{"rendered":"<p><!-- wp:paragraph --><\/p>\n<div class=\"wpb_text_column wpb_content_element  vc_custom_1600625234709\">\n<div class=\"wpb_wrapper\">\n<p><strong><img decoding=\"async\" class=\"alignleft wp-image-846 \" src=\"http:\/\/www.ekimgecidibursa.com\/wp-content\/uploads\/2022\/10\/FT21-150x150....\n<\/p>\n","protected":false},"author":1,"featured_media":0,"parent":0,"menu_order":0,"comment_status":"closed","ping_status":"closed","template":"","meta":{"ngg_post_thumbnail":0,"footnotes":""},"class_list":["post-8","page","type-page","status-publish"],"yoast_head":"<!-- This site is optimized with the Yoast SEO plugin v27.4 - https:\/\/yoast.com\/product\/yoast-seo-wordpress\/ -->\n<title>Bize ula\u015f\u0131n - Ekim Ge&ccedil;idi BURSA<\/title>\n<meta name=\"description\" content=\"Ekim Ge\u00e7idi Bursa sergileri i\u00e7in bize ula\u015f\u0131n\" \/>\n<meta name=\"robots\" content=\"index, follow, max-snippet:-1, max-image-preview:large, max-video-preview:-1\" \/>\n<link rel=\"canonical\" href=\"http:\/\/www.ekimgecidibursa.com\/index.php\/bize-ulasin\/\" \/>\n<meta property=\"og:locale\" content=\"tr_TR\" \/>\n<meta property=\"og:type\" content=\"article\" \/>\n<meta property=\"og:title\" content=\"Bize ula\u015f\u0131n - Ekim Ge&ccedil;idi BURSA\" \/>\n<meta property=\"og:description\" content=\"Ekim Ge\u00e7idi Bursa sergileri i\u00e7in bize ula\u015f\u0131n\" \/>\n<meta property=\"og:url\" content=\"http:\/\/www.ekimgecidibursa.com\/index.php\/bize-ulasin\/\" \/>\n<meta property=\"og:site_name\" content=\"Ekim Ge&ccedil;idi BURSA\" \/>\n<meta property=\"article:modified_time\" content=\"2024-10-18T11:36:24+00:00\" \/>\n<meta property=\"og:image\" content=\"http:\/\/www.ekimgecidibursa.com\/wp-content\/uploads\/2022\/10\/FT21-150x150.png\" \/>\n<meta name=\"twitter:card\" content=\"summary_large_image\" \/>\n<meta name=\"twitter:label1\" content=\"Tahmini okuma s\u00fcresi\" \/>\n\t<meta name=\"twitter:data1\" content=\"1 dakika\" \/>\n<script type=\"application\/ld+json\" class=\"yoast-schema-graph\">{\"@context\":\"https:\\\/\\\/schema.org\",\"@graph\":[{\"@type\":\"WebPage\",\"@id\":\"http:\\\/\\\/www.ekimgecidibursa.com\\\/index.php\\\/bize-ulasin\\\/\",\"url\":\"http:\\\/\\\/www.ekimgecidibursa.com\\\/index.php\\\/bize-ulasin\\\/\",\"name\":\"Bize ula\u015f\u0131n - Ekim Ge&ccedil;idi BURSA\",\"isPartOf\":{\"@id\":\"http:\\\/\\\/www.ekimgecidibursa.com\\\/#website\"},\"primaryImageOfPage\":{\"@id\":\"http:\\\/\\\/www.ekimgecidibursa.com\\\/index.php\\\/bize-ulasin\\\/#primaryimage\"},\"image\":{\"@id\":\"http:\\\/\\\/www.ekimgecidibursa.com\\\/index.php\\\/bize-ulasin\\\/#primaryimage\"},\"thumbnailUrl\":\"http:\\\/\\\/www.ekimgecidibursa.com\\\/wp-content\\\/uploads\\\/2022\\\/10\\\/FT21-150x150.png\",\"datePublished\":\"2020-10-01T12:40:19+00:00\",\"dateModified\":\"2024-10-18T11:36:24+00:00\",\"description\":\"Ekim Ge\u00e7idi Bursa sergileri i\u00e7in bize ula\u015f\u0131n\",\"breadcrumb\":{\"@id\":\"http:\\\/\\\/www.ekimgecidibursa.com\\\/index.php\\\/bize-ulasin\\\/#breadcrumb\"},\"inLanguage\":\"tr\",\"potentialAction\":[{\"@type\":\"ReadAction\",\"target\":[\"http:\\\/\\\/www.ekimgecidibursa.com\\\/index.php\\\/bize-ulasin\\\/\"]}]},{\"@type\":\"ImageObject\",\"inLanguage\":\"tr\",\"@id\":\"http:\\\/\\\/www.ekimgecidibursa.com\\\/index.php\\\/bize-ulasin\\\/#primaryimage\",\"url\":\"http:\\\/\\\/www.ekimgecidibursa.com\\\/wp-content\\\/uploads\\\/2022\\\/10\\\/FT21.png\",\"contentUrl\":\"http:\\\/\\\/www.ekimgecidibursa.com\\\/wp-content\\\/uploads\\\/2022\\\/10\\\/FT21.png\",\"width\":1632,\"height\":1632},{\"@type\":\"BreadcrumbList\",\"@id\":\"http:\\\/\\\/www.ekimgecidibursa.com\\\/index.php\\\/bize-ulasin\\\/#breadcrumb\",\"itemListElement\":[{\"@type\":\"ListItem\",\"position\":1,\"name\":\"Ana sayfa\",\"item\":\"http:\\\/\\\/www.ekimgecidibursa.com\\\/\"},{\"@type\":\"ListItem\",\"position\":2,\"name\":\"Bize ula\u015f\u0131n\"}]},{\"@type\":\"WebSite\",\"@id\":\"http:\\\/\\\/www.ekimgecidibursa.com\\\/#website\",\"url\":\"http:\\\/\\\/www.ekimgecidibursa.com\\\/\",\"name\":\"Ekim Ge\u00e7idi Bursa\",\"description\":\"Disiplinler Aras\u0131 Karma Sergi -Proje: G&uuml;ls&uuml;n ERB\u0130L, Organizat&ouml;r: Ayfer DEM\u0130RC\u0130O\u011eLU Tasar\u0131m: Sedat KUMOVA\",\"publisher\":{\"@id\":\"http:\\\/\\\/www.ekimgecidibursa.com\\\/#organization\"},\"potentialAction\":[{\"@type\":\"SearchAction\",\"target\":{\"@type\":\"EntryPoint\",\"urlTemplate\":\"http:\\\/\\\/www.ekimgecidibursa.com\\\/?s={search_term_string}\"},\"query-input\":{\"@type\":\"PropertyValueSpecification\",\"valueRequired\":true,\"valueName\":\"search_term_string\"}}],\"inLanguage\":\"tr\"},{\"@type\":\"Organization\",\"@id\":\"http:\\\/\\\/www.ekimgecidibursa.com\\\/#organization\",\"name\":\"Ekim Ge\u00e7idi Bursa\",\"url\":\"http:\\\/\\\/www.ekimgecidibursa.com\\\/\",\"logo\":{\"@type\":\"ImageObject\",\"inLanguage\":\"tr\",\"@id\":\"http:\\\/\\\/www.ekimgecidibursa.com\\\/#\\\/schema\\\/logo\\\/image\\\/\",\"url\":\"http:\\\/\\\/www.ekimgecidibursa.com\\\/wp-content\\\/uploads\\\/2020\\\/10\\\/cropped-EKIM_GECIDI_LOGO_512p.png\",\"contentUrl\":\"http:\\\/\\\/www.ekimgecidibursa.com\\\/wp-content\\\/uploads\\\/2020\\\/10\\\/cropped-EKIM_GECIDI_LOGO_512p.png\",\"width\":512,\"height\":512,\"caption\":\"Ekim Ge\u00e7idi Bursa\"},\"image\":{\"@id\":\"http:\\\/\\\/www.ekimgecidibursa.com\\\/#\\\/schema\\\/logo\\\/image\\\/\"},\"sameAs\":[\"https:\\\/\\\/instagram.com\\\/bursa2021.ekimgecidi\"]}]}<\/script>\n<!-- \/ Yoast SEO plugin. -->","yoast_head_json":{"title":"Bize ula\u015f\u0131n - Ekim Ge&ccedil;idi BURSA","description":"Ekim Ge\u00e7idi Bursa sergileri i\u00e7in bize ula\u015f\u0131n","robots":{"index":"index","follow":"follow","max-snippet":"max-snippet:-1","max-image-preview":"max-image-preview:large","max-video-preview":"max-video-preview:-1"},"canonical":"http:\/\/www.ekimgecidibursa.com\/index.php\/bize-ulasin\/","og_locale":"tr_TR","og_type":"article","og_title":"Bize ula\u015f\u0131n - Ekim Ge&ccedil;idi BURSA","og_description":"Ekim Ge\u00e7idi Bursa sergileri i\u00e7in bize ula\u015f\u0131n","og_url":"http:\/\/www.ekimgecidibursa.com\/index.php\/bize-ulasin\/","og_site_name":"Ekim Ge&ccedil;idi BURSA","article_modified_time":"2024-10-18T11:36:24+00:00","og_image":[{"url":"http:\/\/www.ekimgecidibursa.com\/wp-content\/uploads\/2022\/10\/FT21-150x150.png","type":"","width":"","height":""}],"twitter_card":"summary_large_image","twitter_misc":{"Tahmini okuma s\u00fcresi":"1 dakika"},"schema":{"@context":"https:\/\/schema.org","@graph":[{"@type":"WebPage","@id":"http:\/\/www.ekimgecidibursa.com\/index.php\/bize-ulasin\/","url":"http:\/\/www.ekimgecidibursa.com\/index.php\/bize-ulasin\/","name":"Bize ula\u015f\u0131n - Ekim Ge&ccedil;idi BURSA","isPartOf":{"@id":"http:\/\/www.ekimgecidibursa.com\/#website"},"primaryImageOfPage":{"@id":"http:\/\/www.ekimgecidibursa.com\/index.php\/bize-ulasin\/#primaryimage"},"image":{"@id":"http:\/\/www.ekimgecidibursa.com\/index.php\/bize-ulasin\/#primaryimage"},"thumbnailUrl":"http:\/\/www.ekimgecidibursa.com\/wp-content\/uploads\/2022\/10\/FT21-150x150.png","datePublished":"2020-10-01T12:40:19+00:00","dateModified":"2024-10-18T11:36:24+00:00","description":"Ekim Ge\u00e7idi Bursa sergileri i\u00e7in bize ula\u015f\u0131n","breadcrumb":{"@id":"http:\/\/www.ekimgecidibursa.com\/index.php\/bize-ulasin\/#breadcrumb"},"inLanguage":"tr","potentialAction":[{"@type":"ReadAction","target":["http:\/\/www.ekimgecidibursa.com\/index.php\/bize-ulasin\/"]}]},{"@type":"ImageObject","inLanguage":"tr","@id":"http:\/\/www.ekimgecidibursa.com\/index.php\/bize-ulasin\/#primaryimage","url":"http:\/\/www.ekimgecidibursa.com\/wp-content\/uploads\/2022\/10\/FT21.png","contentUrl":"http:\/\/www.ekimgecidibursa.com\/wp-content\/uploads\/2022\/10\/FT21.png","width":1632,"height":1632},{"@type":"BreadcrumbList","@id":"http:\/\/www.ekimgecidibursa.com\/index.php\/bize-ulasin\/#breadcrumb","itemListElement":[{"@type":"ListItem","position":1,"name":"Ana sayfa","item":"http:\/\/www.ekimgecidibursa.com\/"},{"@type":"ListItem","position":2,"name":"Bize ula\u015f\u0131n"}]},{"@type":"WebSite","@id":"http:\/\/www.ekimgecidibursa.com\/#website","url":"http:\/\/www.ekimgecidibursa.com\/","name":"Ekim Ge\u00e7idi Bursa","description":"Disiplinler Aras\u0131 Karma Sergi -Proje: G&uuml;ls&uuml;n ERB\u0130L, Organizat&ouml;r: Ayfer DEM\u0130RC\u0130O\u011eLU Tasar\u0131m: Sedat KUMOVA","publisher":{"@id":"http:\/\/www.ekimgecidibursa.com\/#organization"},"potentialAction":[{"@type":"SearchAction","target":{"@type":"EntryPoint","urlTemplate":"http:\/\/www.ekimgecidibursa.com\/?s={search_term_string}"},"query-input":{"@type":"PropertyValueSpecification","valueRequired":true,"valueName":"search_term_string"}}],"inLanguage":"tr"},{"@type":"Organization","@id":"http:\/\/www.ekimgecidibursa.com\/#organization","name":"Ekim Ge\u00e7idi Bursa","url":"http:\/\/www.ekimgecidibursa.com\/","logo":{"@type":"ImageObject","inLanguage":"tr","@id":"http:\/\/www.ekimgecidibursa.com\/#\/schema\/logo\/image\/","url":"http:\/\/www.ekimgecidibursa.com\/wp-content\/uploads\/2020\/10\/cropped-EKIM_GECIDI_LOGO_512p.png","contentUrl":"http:\/\/www.ekimgecidibursa.com\/wp-content\/uploads\/2020\/10\/cropped-EKIM_GECIDI_LOGO_512p.png","width":512,"height":512,"caption":"Ekim Ge\u00e7idi Bursa"},"image":{"@id":"http:\/\/www.ekimgecidibursa.com\/#\/schema\/logo\/image\/"},"sameAs":["https:\/\/instagram.com\/bursa2021.ekimgecidi"]}]}},"_links":{"self":[{"href":"http:\/\/www.ekimgecidibursa.com\/index.php\/wp-json\/wp\/v2\/pages\/8","targetHints":{"allow":["GET"]}}],"collection":[{"href":"http:\/\/www.ekimgecidibursa.com\/index.php\/wp-json\/wp\/v2\/pages"}],"about":[{"href":"http:\/\/www.ekimgecidibursa.com\/index.php\/wp-json\/wp\/v2\/types\/page"}],"author":[{"embeddable":true,"href":"http:\/\/www.ekimgecidibursa.com\/index.php\/wp-json\/wp\/v2\/users\/1"}],"replies":[{"embeddable":true,"href":"http:\/\/www.ekimgecidibursa.com\/index.php\/wp-json\/wp\/v2\/comments?post=8"}],"version-history":[{"count":19,"href":"http:\/\/www.ekimgecidibursa.com\/index.php\/wp-json\/wp\/v2\/pages\/8\/revisions"}],"predecessor-version":[{"id":1153,"href":"http:\/\/www.ekimgecidibursa.com\/index.php\/wp-json\/wp\/v2\/pages\/8\/revisions\/1153"}],"wp:attachment":[{"href":"http:\/\/www.ekimgecidibursa.com\/index.php\/wp-json\/wp\/v2\/media?parent=8"}],"curies":[{"name":"wp","href":"https:\/\/api.w.org\/{rel}","templated":true}]}}