{"id":843,"date":"2022-10-21T12:34:55","date_gmt":"2022-10-21T12:34:55","guid":{"rendered":"http:\/\/www.ekimgecidibursa.com\/?page_id=843"},"modified":"2022-10-21T12:58:45","modified_gmt":"2022-10-21T12:58:45","slug":"bursa-2022","status":"publish","type":"page","link":"http:\/\/www.ekimgecidibursa.com\/index.php\/bursa-2022\/","title":{"rendered":"Bursa 2022"},"content":{"rendered":"ngg_shortcode_0_placeholder\n<p style=\"text-align: center;\"><span style=\"color: #999999;\">Ekim Ge\u00e7idi 2022 Bursa Sergisi<\/span><\/p>\n<h3 class=\"vc_custom_heading font-weight-bold vc_custom_1600899300587\" style=\"text-align: center;\">Cumhuriyet\u2019in Kurucusu Mustafa Kemal Atat\u00fcrk\u2019e Sevgi ve Sayg\u0131yla<\/h3>\n<div class=\"vc_empty_space\">\n<div id=\"mtphr-dnt-427\" class=\"mtphr-dnt mtphr-dnt-427 mtphr-dnt-default mtphr-dnt-scroll mtphr-dnt-scroll-left\">\n<div class=\"mtphr-dnt-wrapper mtphr-dnt-clearfix\">\n<div class=\"mtphr-dnt-tick-container\">\n<div class=\"mtphr-dnt-tick-contents\">\n<div class=\"mtphr-dnt-tick mtphr-dnt-default-tick mtphr-dnt-clearfix \">\n<blockquote><p>\u201cBir millet sanattan ve sanatkardan mahrumsa tam bir hayata malik olamaz. Sanats\u0131z kalan bir milletin hayat damarlar\u0131ndan biri kopmu\u015f olur.\u201d&nbsp;<strong>Mustafa Kemal Atat\u00fcrk<\/strong><\/p><\/blockquote>\n<\/div>\n<\/div>\n<\/div>\n<\/div>\n<\/div>\n<\/div>\n<p>Ekim Ge\u00e7idi\u2019nin ilk sergisi 29 Ekim 2002 y\u0131l\u0131nda \u00e7e\u015fitli disiplinlerden 54 sanat\u00e7\u0131n\u0131n kat\u0131l\u0131m\u0131yla Galeri X\u2019in \u0130stanbul Galata\u2019da ki sergi salonunda yap\u0131lm\u0131\u015ft\u0131.<\/p>\n<p><img loading=\"lazy\" decoding=\"async\" class=\"wp-image-847 alignleft\" src=\"http:\/\/www.ekimgecidibursa.com\/wp-content\/uploads\/2022\/10\/Gulsun_Erbil-300x300.png\" alt=\"\" width=\"138\" height=\"138\" srcset=\"http:\/\/www.ekimgecidibursa.com\/wp-content\/uploads\/2022\/10\/Gulsun_Erbil-300x300.png 300w, http:\/\/www.ekimgecidibursa.com\/wp-content\/uploads\/2022\/10\/Gulsun_Erbil-1024x1024.png 1024w, http:\/\/www.ekimgecidibursa.com\/wp-content\/uploads\/2022\/10\/Gulsun_Erbil-150x150.png 150w, http:\/\/www.ekimgecidibursa.com\/wp-content\/uploads\/2022\/10\/Gulsun_Erbil-768x768.png 768w, http:\/\/www.ekimgecidibursa.com\/wp-content\/uploads\/2022\/10\/Gulsun_Erbil-640x640.png 640w, http:\/\/www.ekimgecidibursa.com\/wp-content\/uploads\/2022\/10\/Gulsun_Erbil.png 1212w\" sizes=\"auto, (max-width: 138px) 100vw, 138px\" \/>Bu sergiler, kendisi de ressam olan G\u00fcls\u00fcn Erbil\u2019in <b>Cumhuriyet<\/b>e ve <b>Atat\u00fcrk<\/b>\u2019e olan tutkusunu, minnet borcunu, Atat\u00fcrk\u2019\u00fcn de \u00e7ok de\u011fer verdi\u011fi sanat ve sanat\u00e7\u0131larla ta\u00e7land\u0131rarak g\u00f6stermek istemesi fikrinden yola \u00e7\u0131km\u0131\u015ft\u0131. Kendisi gibi d\u00fc\u015f\u00fcnen sanat\u00e7\u0131lar\u0131 etraf\u0131nda toplayan <b>G\u00fcls\u00fcn Erbil <\/b>ve arkada\u015flar\u0131, <b>21 y\u0131l<\/b>d\u0131r b\u00fcy\u00fck \u00f6zverilerle bu sergileri bug\u00fcnlere getirdi.<\/p>\n<p><b>Ekim Ge\u00e7idi <\/b>sergisine ismini veren, yine kendisi de bir sanat\u00e7\u0131 ve \u015fair olan Ye\u015fim A\u011fao\u011flu\u2019dur. Bu isim, Cumhuriyet kutlamalar\u0131n\u0131n bir fener alay\u0131, bir \u015fenlik \u015feklinde olmas\u0131 fikrinden yola \u00e7\u0131karak konulmu\u015ftur.<\/p>\n<p>Bu y\u0131l yirmi birincisi 30 ilde yap\u0131lan ve \u00fc\u00e7 binin \u00fczerinde plastik sanatlar\u0131n \u00e7e\u015fitli disiplinlerinden gelen sanat\u00e7\u0131lar\u0131n (resim, heykel, seramik, enstalasyon, video, performans, vb. ) kat\u0131l\u0131m\u0131yla adeta bir sanat ge\u00e7idi olacakt\u0131r.<\/p>\n<p><img loading=\"lazy\" decoding=\"async\" class=\"alignleft wp-image-846\" src=\"http:\/\/www.ekimgecidibursa.com\/wp-content\/uploads\/2022\/10\/FT21-300x300.png\" alt=\"\" width=\"138\" height=\"138\" srcset=\"http:\/\/www.ekimgecidibursa.com\/wp-content\/uploads\/2022\/10\/FT21-300x300.png 300w, http:\/\/www.ekimgecidibursa.com\/wp-content\/uploads\/2022\/10\/FT21-1024x1024.png 1024w, http:\/\/www.ekimgecidibursa.com\/wp-content\/uploads\/2022\/10\/FT21-150x150.png 150w, http:\/\/www.ekimgecidibursa.com\/wp-content\/uploads\/2022\/10\/FT21-768x768.png 768w, http:\/\/www.ekimgecidibursa.com\/wp-content\/uploads\/2022\/10\/FT21-1536x1536.png 1536w, http:\/\/www.ekimgecidibursa.com\/wp-content\/uploads\/2022\/10\/FT21-640x640.png 640w, http:\/\/www.ekimgecidibursa.com\/wp-content\/uploads\/2022\/10\/FT21.png 1632w\" sizes=\"auto, (max-width: 138px) 100vw, 138px\" \/><\/p>\n<p>Cumhuriyetimizin her ilimizde her daim g\u00fc\u00e7l\u00fc ve kal\u0131c\u0131 olmas\u0131 dile\u011fiyle Ekim Ge\u00e7idi\u2019nin <b>Bursa<\/b> ilinde on birincisi <b>Ayfer Demircio\u011flu<\/b>\u2019nun \u00e7al\u0131\u015fmalar\u0131yla ger\u00e7ekle\u015ftiriyoruz.<\/p>\n","protected":false},"excerpt":{"rendered":"<p>Ekim Ge\u00e7idi 2022 Bursa Sergisi Cumhuriyet\u2019in Kurucusu Mustafa Kemal Atat\u00fcrk\u2019e Sevgi ve Sayg\u0131yla \u201cBir millet sanattan ve sanatkardan mahrumsa tam bir hayata malik olamaz. Sanats\u0131z kalan bir milletin hayat damarlar\u0131ndan biri kopmu\u015f olur.\u201d&nbsp;Mustafa Kemal Atat\u00fcrk Ekim Ge\u00e7idi\u2019nin ilk sergisi 29 Ekim 2002 y\u0131l\u0131nda \u00e7e\u015fitli disiplinlerden 54 sanat\u00e7\u0131n\u0131n kat\u0131l\u0131m\u0131yla Galeri X\u2019in \u0130stanbul Galata\u2019da ki sergi salonunda &#8230; <a title=\"Bursa 2022\" class=\"read-more\" href=\"http:\/\/www.ekimgecidibursa.com\/index.php\/bursa-2022\/\" aria-label=\"Read more about Bursa 2022\">Devam\u0131n\u0131 oku<\/a><\/p>\n","protected":false},"author":1,"featured_media":0,"parent":0,"menu_order":0,"comment_status":"closed","ping_status":"closed","template":"","meta":{"ngg_post_thumbnail":0,"footnotes":""},"class_list":["post-843","page","type-page","status-publish"],"yoast_head":"<!-- This site is optimized with the Yoast SEO plugin v27.4 - https:\/\/yoast.com\/product\/yoast-seo-wordpress\/ -->\n<title>Bursa 2022 - Ekim Ge&ccedil;idi BURSA<\/title>\n<meta name=\"description\" content=\"Ekim Ge\u00e7idi 21 Bursa Sergisi\" \/>\n<meta name=\"robots\" content=\"index, follow, max-snippet:-1, max-image-preview:large, max-video-preview:-1\" \/>\n<link rel=\"canonical\" href=\"https:\/\/www.ekimgecidibursa.com\/index.php\/bursa-2022\/\" \/>\n<meta property=\"og:locale\" content=\"tr_TR\" \/>\n<meta property=\"og:type\" content=\"article\" \/>\n<meta property=\"og:title\" content=\"Bursa 2022 - Ekim Ge&ccedil;idi BURSA\" \/>\n<meta property=\"og:description\" content=\"Ekim Ge\u00e7idi 21 Bursa Sergisi\" \/>\n<meta property=\"og:url\" content=\"https:\/\/www.ekimgecidibursa.com\/index.php\/bursa-2022\/\" \/>\n<meta property=\"og:site_name\" content=\"Ekim Ge&ccedil;idi BURSA\" \/>\n<meta property=\"article:modified_time\" content=\"2022-10-21T12:58:45+00:00\" \/>\n<meta property=\"og:image\" content=\"http:\/\/www.ekimgecidibursa.com\/wp-content\/uploads\/2022\/10\/Gulsun_Erbil-300x300.png\" \/>\n<meta name=\"twitter:card\" content=\"summary_large_image\" \/>\n<meta name=\"twitter:label1\" content=\"Tahmini okuma s\u00fcresi\" \/>\n\t<meta name=\"twitter:data1\" content=\"2 dakika\" \/>\n<script type=\"application\/ld+json\" class=\"yoast-schema-graph\">{\"@context\":\"https:\\\/\\\/schema.org\",\"@graph\":[{\"@type\":\"WebPage\",\"@id\":\"https:\\\/\\\/www.ekimgecidibursa.com\\\/index.php\\\/bursa-2022\\\/\",\"url\":\"https:\\\/\\\/www.ekimgecidibursa.com\\\/index.php\\\/bursa-2022\\\/\",\"name\":\"Bursa 2022 - Ekim Ge&ccedil;idi BURSA\",\"isPartOf\":{\"@id\":\"http:\\\/\\\/www.ekimgecidibursa.com\\\/#website\"},\"primaryImageOfPage\":{\"@id\":\"https:\\\/\\\/www.ekimgecidibursa.com\\\/index.php\\\/bursa-2022\\\/#primaryimage\"},\"image\":{\"@id\":\"https:\\\/\\\/www.ekimgecidibursa.com\\\/index.php\\\/bursa-2022\\\/#primaryimage\"},\"thumbnailUrl\":\"http:\\\/\\\/www.ekimgecidibursa.com\\\/wp-content\\\/uploads\\\/2022\\\/10\\\/Gulsun_Erbil-300x300.png\",\"datePublished\":\"2022-10-21T12:34:55+00:00\",\"dateModified\":\"2022-10-21T12:58:45+00:00\",\"description\":\"Ekim Ge\u00e7idi 21 Bursa Sergisi\",\"breadcrumb\":{\"@id\":\"https:\\\/\\\/www.ekimgecidibursa.com\\\/index.php\\\/bursa-2022\\\/#breadcrumb\"},\"inLanguage\":\"tr\",\"potentialAction\":[{\"@type\":\"ReadAction\",\"target\":[\"https:\\\/\\\/www.ekimgecidibursa.com\\\/index.php\\\/bursa-2022\\\/\"]}]},{\"@type\":\"ImageObject\",\"inLanguage\":\"tr\",\"@id\":\"https:\\\/\\\/www.ekimgecidibursa.com\\\/index.php\\\/bursa-2022\\\/#primaryimage\",\"url\":\"http:\\\/\\\/www.ekimgecidibursa.com\\\/wp-content\\\/uploads\\\/2022\\\/10\\\/Gulsun_Erbil.png\",\"contentUrl\":\"http:\\\/\\\/www.ekimgecidibursa.com\\\/wp-content\\\/uploads\\\/2022\\\/10\\\/Gulsun_Erbil.png\",\"width\":1212,\"height\":1212},{\"@type\":\"BreadcrumbList\",\"@id\":\"https:\\\/\\\/www.ekimgecidibursa.com\\\/index.php\\\/bursa-2022\\\/#breadcrumb\",\"itemListElement\":[{\"@type\":\"ListItem\",\"position\":1,\"name\":\"Ana sayfa\",\"item\":\"http:\\\/\\\/www.ekimgecidibursa.com\\\/\"},{\"@type\":\"ListItem\",\"position\":2,\"name\":\"Bursa 2022\"}]},{\"@type\":\"WebSite\",\"@id\":\"http:\\\/\\\/www.ekimgecidibursa.com\\\/#website\",\"url\":\"http:\\\/\\\/www.ekimgecidibursa.com\\\/\",\"name\":\"Ekim Ge\u00e7idi Bursa\",\"description\":\"Disiplinler Aras\u0131 Karma Sergi -Proje: G&uuml;ls&uuml;n ERB\u0130L, Organizat&ouml;r: Ayfer DEM\u0130RC\u0130O\u011eLU Tasar\u0131m: Sedat KUMOVA\",\"publisher\":{\"@id\":\"http:\\\/\\\/www.ekimgecidibursa.com\\\/#organization\"},\"potentialAction\":[{\"@type\":\"SearchAction\",\"target\":{\"@type\":\"EntryPoint\",\"urlTemplate\":\"http:\\\/\\\/www.ekimgecidibursa.com\\\/?s={search_term_string}\"},\"query-input\":{\"@type\":\"PropertyValueSpecification\",\"valueRequired\":true,\"valueName\":\"search_term_string\"}}],\"inLanguage\":\"tr\"},{\"@type\":\"Organization\",\"@id\":\"http:\\\/\\\/www.ekimgecidibursa.com\\\/#organization\",\"name\":\"Ekim Ge\u00e7idi Bursa\",\"url\":\"http:\\\/\\\/www.ekimgecidibursa.com\\\/\",\"logo\":{\"@type\":\"ImageObject\",\"inLanguage\":\"tr\",\"@id\":\"http:\\\/\\\/www.ekimgecidibursa.com\\\/#\\\/schema\\\/logo\\\/image\\\/\",\"url\":\"http:\\\/\\\/www.ekimgecidibursa.com\\\/wp-content\\\/uploads\\\/2020\\\/10\\\/cropped-EKIM_GECIDI_LOGO_512p.png\",\"contentUrl\":\"http:\\\/\\\/www.ekimgecidibursa.com\\\/wp-content\\\/uploads\\\/2020\\\/10\\\/cropped-EKIM_GECIDI_LOGO_512p.png\",\"width\":512,\"height\":512,\"caption\":\"Ekim Ge\u00e7idi Bursa\"},\"image\":{\"@id\":\"http:\\\/\\\/www.ekimgecidibursa.com\\\/#\\\/schema\\\/logo\\\/image\\\/\"},\"sameAs\":[\"https:\\\/\\\/instagram.com\\\/bursa2021.ekimgecidi\"]}]}<\/script>\n<!-- \/ Yoast SEO plugin. -->","yoast_head_json":{"title":"Bursa 2022 - Ekim Ge&ccedil;idi BURSA","description":"Ekim Ge\u00e7idi 21 Bursa Sergisi","robots":{"index":"index","follow":"follow","max-snippet":"max-snippet:-1","max-image-preview":"max-image-preview:large","max-video-preview":"max-video-preview:-1"},"canonical":"https:\/\/www.ekimgecidibursa.com\/index.php\/bursa-2022\/","og_locale":"tr_TR","og_type":"article","og_title":"Bursa 2022 - Ekim Ge&ccedil;idi BURSA","og_description":"Ekim Ge\u00e7idi 21 Bursa Sergisi","og_url":"https:\/\/www.ekimgecidibursa.com\/index.php\/bursa-2022\/","og_site_name":"Ekim Ge&ccedil;idi BURSA","article_modified_time":"2022-10-21T12:58:45+00:00","og_image":[{"url":"http:\/\/www.ekimgecidibursa.com\/wp-content\/uploads\/2022\/10\/Gulsun_Erbil-300x300.png","type":"","width":"","height":""}],"twitter_card":"summary_large_image","twitter_misc":{"Tahmini okuma s\u00fcresi":"2 dakika"},"schema":{"@context":"https:\/\/schema.org","@graph":[{"@type":"WebPage","@id":"https:\/\/www.ekimgecidibursa.com\/index.php\/bursa-2022\/","url":"https:\/\/www.ekimgecidibursa.com\/index.php\/bursa-2022\/","name":"Bursa 2022 - Ekim Ge&ccedil;idi BURSA","isPartOf":{"@id":"http:\/\/www.ekimgecidibursa.com\/#website"},"primaryImageOfPage":{"@id":"https:\/\/www.ekimgecidibursa.com\/index.php\/bursa-2022\/#primaryimage"},"image":{"@id":"https:\/\/www.ekimgecidibursa.com\/index.php\/bursa-2022\/#primaryimage"},"thumbnailUrl":"http:\/\/www.ekimgecidibursa.com\/wp-content\/uploads\/2022\/10\/Gulsun_Erbil-300x300.png","datePublished":"2022-10-21T12:34:55+00:00","dateModified":"2022-10-21T12:58:45+00:00","description":"Ekim Ge\u00e7idi 21 Bursa Sergisi","breadcrumb":{"@id":"https:\/\/www.ekimgecidibursa.com\/index.php\/bursa-2022\/#breadcrumb"},"inLanguage":"tr","potentialAction":[{"@type":"ReadAction","target":["https:\/\/www.ekimgecidibursa.com\/index.php\/bursa-2022\/"]}]},{"@type":"ImageObject","inLanguage":"tr","@id":"https:\/\/www.ekimgecidibursa.com\/index.php\/bursa-2022\/#primaryimage","url":"http:\/\/www.ekimgecidibursa.com\/wp-content\/uploads\/2022\/10\/Gulsun_Erbil.png","contentUrl":"http:\/\/www.ekimgecidibursa.com\/wp-content\/uploads\/2022\/10\/Gulsun_Erbil.png","width":1212,"height":1212},{"@type":"BreadcrumbList","@id":"https:\/\/www.ekimgecidibursa.com\/index.php\/bursa-2022\/#breadcrumb","itemListElement":[{"@type":"ListItem","position":1,"name":"Ana sayfa","item":"http:\/\/www.ekimgecidibursa.com\/"},{"@type":"ListItem","position":2,"name":"Bursa 2022"}]},{"@type":"WebSite","@id":"http:\/\/www.ekimgecidibursa.com\/#website","url":"http:\/\/www.ekimgecidibursa.com\/","name":"Ekim Ge\u00e7idi Bursa","description":"Disiplinler Aras\u0131 Karma Sergi -Proje: G&uuml;ls&uuml;n ERB\u0130L, Organizat&ouml;r: Ayfer DEM\u0130RC\u0130O\u011eLU Tasar\u0131m: Sedat KUMOVA","publisher":{"@id":"http:\/\/www.ekimgecidibursa.com\/#organization"},"potentialAction":[{"@type":"SearchAction","target":{"@type":"EntryPoint","urlTemplate":"http:\/\/www.ekimgecidibursa.com\/?s={search_term_string}"},"query-input":{"@type":"PropertyValueSpecification","valueRequired":true,"valueName":"search_term_string"}}],"inLanguage":"tr"},{"@type":"Organization","@id":"http:\/\/www.ekimgecidibursa.com\/#organization","name":"Ekim Ge\u00e7idi Bursa","url":"http:\/\/www.ekimgecidibursa.com\/","logo":{"@type":"ImageObject","inLanguage":"tr","@id":"http:\/\/www.ekimgecidibursa.com\/#\/schema\/logo\/image\/","url":"http:\/\/www.ekimgecidibursa.com\/wp-content\/uploads\/2020\/10\/cropped-EKIM_GECIDI_LOGO_512p.png","contentUrl":"http:\/\/www.ekimgecidibursa.com\/wp-content\/uploads\/2020\/10\/cropped-EKIM_GECIDI_LOGO_512p.png","width":512,"height":512,"caption":"Ekim Ge\u00e7idi Bursa"},"image":{"@id":"http:\/\/www.ekimgecidibursa.com\/#\/schema\/logo\/image\/"},"sameAs":["https:\/\/instagram.com\/bursa2021.ekimgecidi"]}]}},"_links":{"self":[{"href":"http:\/\/www.ekimgecidibursa.com\/index.php\/wp-json\/wp\/v2\/pages\/843","targetHints":{"allow":["GET"]}}],"collection":[{"href":"http:\/\/www.ekimgecidibursa.com\/index.php\/wp-json\/wp\/v2\/pages"}],"about":[{"href":"http:\/\/www.ekimgecidibursa.com\/index.php\/wp-json\/wp\/v2\/types\/page"}],"author":[{"embeddable":true,"href":"http:\/\/www.ekimgecidibursa.com\/index.php\/wp-json\/wp\/v2\/users\/1"}],"replies":[{"embeddable":true,"href":"http:\/\/www.ekimgecidibursa.com\/index.php\/wp-json\/wp\/v2\/comments?post=843"}],"version-history":[{"count":5,"href":"http:\/\/www.ekimgecidibursa.com\/index.php\/wp-json\/wp\/v2\/pages\/843\/revisions"}],"predecessor-version":[{"id":858,"href":"http:\/\/www.ekimgecidibursa.com\/index.php\/wp-json\/wp\/v2\/pages\/843\/revisions\/858"}],"wp:attachment":[{"href":"http:\/\/www.ekimgecidibursa.com\/index.php\/wp-json\/wp\/v2\/media?parent=843"}],"curies":[{"name":"wp","href":"https:\/\/api.w.org\/{rel}","templated":true}]}}