{"id":853,"date":"2022-10-21T12:46:21","date_gmt":"2022-10-21T12:46:21","guid":{"rendered":"http:\/\/www.ekimgecidibursa.com\/?page_id=853"},"modified":"2022-10-21T12:46:21","modified_gmt":"2022-10-21T12:46:21","slug":"arsiv","status":"publish","type":"page","link":"http:\/\/www.ekimgecidibursa.com\/index.php\/arsiv\/","title":{"rendered":"Ar\u015fiv"},"content":{"rendered":"","protected":false},"excerpt":{"rendered":"","protected":false},"author":1,"featured_media":0,"parent":0,"menu_order":0,"comment_status":"closed","ping_status":"closed","template":"","meta":{"ngg_post_thumbnail":0,"footnotes":""},"class_list":["post-853","page","type-page","status-publish"],"yoast_head":"<!-- This site is optimized with the Yoast SEO plugin v27.4 - https:\/\/yoast.com\/product\/yoast-seo-wordpress\/ -->\n<title>Ar\u015fiv - Ekim Ge&ccedil;idi BURSA<\/title>\n<meta name=\"robots\" content=\"index, follow, max-snippet:-1, max-image-preview:large, max-video-preview:-1\" \/>\n<link rel=\"canonical\" href=\"http:\/\/www.ekimgecidibursa.com\/index.php\/arsiv\/\" \/>\n<meta property=\"og:locale\" content=\"tr_TR\" \/>\n<meta property=\"og:type\" content=\"article\" \/>\n<meta property=\"og:title\" content=\"Ar\u015fiv - Ekim Ge&ccedil;idi BURSA\" \/>\n<meta property=\"og:url\" content=\"http:\/\/www.ekimgecidibursa.com\/index.php\/arsiv\/\" \/>\n<meta property=\"og:site_name\" content=\"Ekim Ge&ccedil;idi BURSA\" \/>\n<meta name=\"twitter:card\" content=\"summary_large_image\" \/>\n<script type=\"application\/ld+json\" class=\"yoast-schema-graph\">{\"@context\":\"https:\\\/\\\/schema.org\",\"@graph\":[{\"@type\":\"WebPage\",\"@id\":\"http:\\\/\\\/www.ekimgecidibursa.com\\\/index.php\\\/arsiv\\\/\",\"url\":\"http:\\\/\\\/www.ekimgecidibursa.com\\\/index.php\\\/arsiv\\\/\",\"name\":\"Ar\u015fiv - Ekim Ge&ccedil;idi BURSA\",\"isPartOf\":{\"@id\":\"http:\\\/\\\/www.ekimgecidibursa.com\\\/#website\"},\"datePublished\":\"2022-10-21T12:46:21+00:00\",\"breadcrumb\":{\"@id\":\"http:\\\/\\\/www.ekimgecidibursa.com\\\/index.php\\\/arsiv\\\/#breadcrumb\"},\"inLanguage\":\"tr\",\"potentialAction\":[{\"@type\":\"ReadAction\",\"target\":[\"http:\\\/\\\/www.ekimgecidibursa.com\\\/index.php\\\/arsiv\\\/\"]}]},{\"@type\":\"BreadcrumbList\",\"@id\":\"http:\\\/\\\/www.ekimgecidibursa.com\\\/index.php\\\/arsiv\\\/#breadcrumb\",\"itemListElement\":[{\"@type\":\"ListItem\",\"position\":1,\"name\":\"Ana sayfa\",\"item\":\"http:\\\/\\\/www.ekimgecidibursa.com\\\/\"},{\"@type\":\"ListItem\",\"position\":2,\"name\":\"Ar\u015fiv\"}]},{\"@type\":\"WebSite\",\"@id\":\"http:\\\/\\\/www.ekimgecidibursa.com\\\/#website\",\"url\":\"http:\\\/\\\/www.ekimgecidibursa.com\\\/\",\"name\":\"Ekim Ge\u00e7idi Bursa\",\"description\":\"Disiplinler Aras\u0131 Karma Sergi -Proje: G&uuml;ls&uuml;n ERB\u0130L, Organizat&ouml;r: Ayfer DEM\u0130RC\u0130O\u011eLU Tasar\u0131m: Sedat KUMOVA\",\"publisher\":{\"@id\":\"http:\\\/\\\/www.ekimgecidibursa.com\\\/#organization\"},\"potentialAction\":[{\"@type\":\"SearchAction\",\"target\":{\"@type\":\"EntryPoint\",\"urlTemplate\":\"http:\\\/\\\/www.ekimgecidibursa.com\\\/?s={search_term_string}\"},\"query-input\":{\"@type\":\"PropertyValueSpecification\",\"valueRequired\":true,\"valueName\":\"search_term_string\"}}],\"inLanguage\":\"tr\"},{\"@type\":\"Organization\",\"@id\":\"http:\\\/\\\/www.ekimgecidibursa.com\\\/#organization\",\"name\":\"Ekim Ge\u00e7idi Bursa\",\"url\":\"http:\\\/\\\/www.ekimgecidibursa.com\\\/\",\"logo\":{\"@type\":\"ImageObject\",\"inLanguage\":\"tr\",\"@id\":\"http:\\\/\\\/www.ekimgecidibursa.com\\\/#\\\/schema\\\/logo\\\/image\\\/\",\"url\":\"http:\\\/\\\/www.ekimgecidibursa.com\\\/wp-content\\\/uploads\\\/2020\\\/10\\\/cropped-EKIM_GECIDI_LOGO_512p.png\",\"contentUrl\":\"http:\\\/\\\/www.ekimgecidibursa.com\\\/wp-content\\\/uploads\\\/2020\\\/10\\\/cropped-EKIM_GECIDI_LOGO_512p.png\",\"width\":512,\"height\":512,\"caption\":\"Ekim Ge\u00e7idi Bursa\"},\"image\":{\"@id\":\"http:\\\/\\\/www.ekimgecidibursa.com\\\/#\\\/schema\\\/logo\\\/image\\\/\"},\"sameAs\":[\"https:\\\/\\\/instagram.com\\\/bursa2021.ekimgecidi\"]}]}<\/script>\n<!-- \/ Yoast SEO plugin. -->","yoast_head_json":{"title":"Ar\u015fiv - Ekim Ge&ccedil;idi BURSA","robots":{"index":"index","follow":"follow","max-snippet":"max-snippet:-1","max-image-preview":"max-image-preview:large","max-video-preview":"max-video-preview:-1"},"canonical":"http:\/\/www.ekimgecidibursa.com\/index.php\/arsiv\/","og_locale":"tr_TR","og_type":"article","og_title":"Ar\u015fiv - Ekim Ge&ccedil;idi BURSA","og_url":"http:\/\/www.ekimgecidibursa.com\/index.php\/arsiv\/","og_site_name":"Ekim Ge&ccedil;idi BURSA","twitter_card":"summary_large_image","schema":{"@context":"https:\/\/schema.org","@graph":[{"@type":"WebPage","@id":"http:\/\/www.ekimgecidibursa.com\/index.php\/arsiv\/","url":"http:\/\/www.ekimgecidibursa.com\/index.php\/arsiv\/","name":"Ar\u015fiv - Ekim Ge&ccedil;idi BURSA","isPartOf":{"@id":"http:\/\/www.ekimgecidibursa.com\/#website"},"datePublished":"2022-10-21T12:46:21+00:00","breadcrumb":{"@id":"http:\/\/www.ekimgecidibursa.com\/index.php\/arsiv\/#breadcrumb"},"inLanguage":"tr","potentialAction":[{"@type":"ReadAction","target":["http:\/\/www.ekimgecidibursa.com\/index.php\/arsiv\/"]}]},{"@type":"BreadcrumbList","@id":"http:\/\/www.ekimgecidibursa.com\/index.php\/arsiv\/#breadcrumb","itemListElement":[{"@type":"ListItem","position":1,"name":"Ana sayfa","item":"http:\/\/www.ekimgecidibursa.com\/"},{"@type":"ListItem","position":2,"name":"Ar\u015fiv"}]},{"@type":"WebSite","@id":"http:\/\/www.ekimgecidibursa.com\/#website","url":"http:\/\/www.ekimgecidibursa.com\/","name":"Ekim Ge\u00e7idi Bursa","description":"Disiplinler Aras\u0131 Karma Sergi -Proje: G&uuml;ls&uuml;n ERB\u0130L, Organizat&ouml;r: Ayfer DEM\u0130RC\u0130O\u011eLU Tasar\u0131m: Sedat KUMOVA","publisher":{"@id":"http:\/\/www.ekimgecidibursa.com\/#organization"},"potentialAction":[{"@type":"SearchAction","target":{"@type":"EntryPoint","urlTemplate":"http:\/\/www.ekimgecidibursa.com\/?s={search_term_string}"},"query-input":{"@type":"PropertyValueSpecification","valueRequired":true,"valueName":"search_term_string"}}],"inLanguage":"tr"},{"@type":"Organization","@id":"http:\/\/www.ekimgecidibursa.com\/#organization","name":"Ekim Ge\u00e7idi Bursa","url":"http:\/\/www.ekimgecidibursa.com\/","logo":{"@type":"ImageObject","inLanguage":"tr","@id":"http:\/\/www.ekimgecidibursa.com\/#\/schema\/logo\/image\/","url":"http:\/\/www.ekimgecidibursa.com\/wp-content\/uploads\/2020\/10\/cropped-EKIM_GECIDI_LOGO_512p.png","contentUrl":"http:\/\/www.ekimgecidibursa.com\/wp-content\/uploads\/2020\/10\/cropped-EKIM_GECIDI_LOGO_512p.png","width":512,"height":512,"caption":"Ekim Ge\u00e7idi Bursa"},"image":{"@id":"http:\/\/www.ekimgecidibursa.com\/#\/schema\/logo\/image\/"},"sameAs":["https:\/\/instagram.com\/bursa2021.ekimgecidi"]}]}},"_links":{"self":[{"href":"http:\/\/www.ekimgecidibursa.com\/index.php\/wp-json\/wp\/v2\/pages\/853","targetHints":{"allow":["GET"]}}],"collection":[{"href":"http:\/\/www.ekimgecidibursa.com\/index.php\/wp-json\/wp\/v2\/pages"}],"about":[{"href":"http:\/\/www.ekimgecidibursa.com\/index.php\/wp-json\/wp\/v2\/types\/page"}],"author":[{"embeddable":true,"href":"http:\/\/www.ekimgecidibursa.com\/index.php\/wp-json\/wp\/v2\/users\/1"}],"replies":[{"embeddable":true,"href":"http:\/\/www.ekimgecidibursa.com\/index.php\/wp-json\/wp\/v2\/comments?post=853"}],"version-history":[{"count":1,"href":"http:\/\/www.ekimgecidibursa.com\/index.php\/wp-json\/wp\/v2\/pages\/853\/revisions"}],"predecessor-version":[{"id":854,"href":"http:\/\/www.ekimgecidibursa.com\/index.php\/wp-json\/wp\/v2\/pages\/853\/revisions\/854"}],"wp:attachment":[{"href":"http:\/\/www.ekimgecidibursa.com\/index.php\/wp-json\/wp\/v2\/media?parent=853"}],"curies":[{"name":"wp","href":"https:\/\/api.w.org\/{rel}","templated":true}]}}