{"id":892,"date":"2023-10-05T10:04:19","date_gmt":"2023-10-05T10:04:19","guid":{"rendered":"http:\/\/www.ekimgecidibursa.com\/?page_id=892"},"modified":"2023-10-05T10:13:59","modified_gmt":"2023-10-05T10:13:59","slug":"2023-ekim-gecidi-22-yilini-kutluyor","status":"publish","type":"page","link":"http:\/\/www.ekimgecidibursa.com\/index.php\/basin-bultenleri\/2023-ekim-gecidi-22-yilini-kutluyor\/","title":{"rendered":"Bas\u0131n B\u00fclteni \/ 2023 &#8211; Ekim Ge\u00e7idi 22. Y\u0131l\u0131n\u0131 Kutluyor!"},"content":{"rendered":"<p><b><a href=\"http:\/\/www.ekimgecidibursa.com\/index.php\/basin-bultenleri\/2023-ekim-gecidi-22-yilini-kutluyor\/eg_2023_bursa_davetiye_013\/#main\"><img loading=\"lazy\" decoding=\"async\" class=\"alignleft wp-image-893 size-medium\" src=\"http:\/\/www.ekimgecidibursa.com\/wp-content\/uploads\/2023\/10\/EG_2023_BURSA_DAVETIYE_013-300x300.png\" alt=\"\" width=\"300\" height=\"300\" srcset=\"http:\/\/www.ekimgecidibursa.com\/wp-content\/uploads\/2023\/10\/EG_2023_BURSA_DAVETIYE_013-300x300.png 300w, http:\/\/www.ekimgecidibursa.com\/wp-content\/uploads\/2023\/10\/EG_2023_BURSA_DAVETIYE_013-150x150.png 150w, http:\/\/www.ekimgecidibursa.com\/wp-content\/uploads\/2023\/10\/EG_2023_BURSA_DAVETIYE_013-768x768.png 768w, http:\/\/www.ekimgecidibursa.com\/wp-content\/uploads\/2023\/10\/EG_2023_BURSA_DAVETIYE_013-640x640.png 640w, http:\/\/www.ekimgecidibursa.com\/wp-content\/uploads\/2023\/10\/EG_2023_BURSA_DAVETIYE_013.png 960w\" sizes=\"auto, (max-width: 300px) 100vw, 300px\" \/><\/a><\/b><\/p>\n<p>&nbsp;<\/p>\n<p><b>CUMHUR\u0130YE\u0130N 100.YILI \/ EK\u0130M GE\u00c7\u0130D\u0130 BURSA<\/b><\/p>\n<p>22. YIL D\u0130S\u0130PL\u0130NLER ARASI SERG\u0130S\u0130<\/p>\n<p><b>Devlet G\u00fczel Sanatlar Galerisi \u2013 Heykel Bursa<\/b><\/p>\n<p>17 Ekim 2023 \u2013 27 Ekim 2023<\/p>\n<p>A\u00e7\u0131l\u0131\u015f :17 Ekim 2023 Sal\u0131 Saat 18.00<\/p>\n<p>&nbsp;<\/p>\n<p>&nbsp;<\/p>\n<p>&nbsp;<\/p>\n<p><b>EK\u0130M GE\u00c7\u0130D\u0130 SERG\u0130LER\u0130 <\/b><b>BU YIL 22. YILINI KUTLUYOR!<\/b><\/p>\n<p><b>CUMHUR\u0130YET\u0130M\u0130Z\u0130N 100.YILINDA 22.EK\u0130M GE\u00c7\u0130D\u0130 SERG\u0130M\u0130Z\u0130N D\u00dc\u015e\u00dcND\u00dcRD\u00dcKLER\u0130<\/b><\/p>\n<p>D\u00fcnya tarihinde emperyalizme kar\u015f\u0131 kazan\u0131lm\u0131\u015f ilk kurtulu\u015f Sava\u015f\u0131\u2019n\u0131n sonunda 29 Ekim 1923\u2019te kurulan T\u00fcrkiye Cumhuriyeti\u2019nin 100. y\u0131l\u0131n\u0131 onurla kutluyor, kurucusu b\u00fcy\u00fck \u00f6nder Atat\u00fcrk\u2019\u00fc ve silah arkada\u015flar\u0131n\u0131 sevgi ve sayg\u0131yla an\u0131yoruz.<\/p>\n<p>Cumhuriyetimiz kuruldu\u011fundan beri uygarl\u0131k ve \u00f6zg\u00fcrl\u00fck yolunda ilkelerini s\u00fcrd\u00fcrm\u00fc\u015f demokratik ve ba\u011f\u0131ms\u0131z Cumhuriyet d\u00fc\u015f\u00fcncesini ku\u015faktan ku\u015fa\u011fa devam ettirmi\u015ftir. \u201c\u00c7a\u011fc\u0131l sanat\u201d, cumhuriyetimizin kazan\u0131mlar\u0131ndan birisidir. Sanat\u00e7\u0131lar\u0131n yaratma \u00f6zg\u00fcrl\u00fcklerinin, d\u00fcnyadaki uygarl\u0131k d\u00fczeyini yakalayabilme \u00e7abalar\u0131n\u0131n Atat\u00fcrk\u2019\u00fcn Cumhuriyeti sayesinde oldu\u011funu hat\u0131rlatmak istiyorum. Cumhuriyete kadar ge\u00e7en zaman diliminde, do\u011fu ve bat\u0131y\u0131 taklitten \u00f6teye gidilemedi\u011fi i\u00e7in cahil kal\u0131nm\u0131\u015ft\u0131r. Sanat ve sanat\u00e7\u0131lar k\u00fclt\u00fcr\u00fcn can damar\u0131d\u0131r. D\u00fcnya k\u00fclt\u00fcr\u00fcnde yaratma y\u00f6ntemlerini esas alan toplumlar ilerlemekte, di\u011ferleri ise geri gitmektedirler.<\/p>\n<p>Bilindi\u011fi gibi pusulan\u0131n sapmas\u0131n\u0131 d\u00fczeltmeden do\u011fru y\u00f6n tayini olanaks\u0131zd\u0131r. T\u00fcrkiye\u2019de Cumhuriyetimizin ivmesi ile geli\u015fen \u00e7a\u011fc\u0131l sanat tarihini sizlere do\u011fru olarak tan\u0131tabilmek i\u00e7in 22 y\u0131l \u00f6nce ba\u015flatm\u0131\u015f oldu\u011fum \u201cEkim Ge\u00e7idi\u201d sergilerimize kat\u0131lan yarat\u0131c\u0131l\u0131\u011f\u0131 esas alan sanat\u00e7\u0131lar\u0131n \u00f6zg\u00fcr ve \u00f6zg\u00fcn yap\u0131tlar\u0131yla bug\u00fcnk\u00fc yapay sanat ortam\u0131n\u0131 kurtaracaklar\u0131na, toplumumuzu ayd\u0131nlatacaklar\u0131na inan\u0131yorum. 22 y\u0131ldan beri 30\u2019u a\u015fk\u0131n ilde ve il\u00e7ede devam etmekte olan Ekim Ge\u00e7idi sergilerimizin en \u00f6nemli \u00f6zelliklerinden birisi de e\u011fitim ama\u00e7l\u0131 ve hepsinde de her ku\u015faktan ve her teknikten, (resim, heykel, seramik, bask\u0131 teknikleri, video, enstalasyon, performans,vs.) bir\u00e7ok alanda da yap\u0131tlar sergileniyor olmas\u0131d\u0131r.<\/p>\n<p>On be\u015f y\u0131lda T\u00fcrkiye Cumhuriyetini kurduktan sonra \u00fclkemizin modernle\u015fmesini her konuda ileri gitmesini sa\u011flayan, e\u011fitimden ba\u015flayarak \u00f6nemli ad\u0131mlar atan Atat\u00fcrk ve arkada\u015flar\u0131n\u0131n g\u00fcn\u00fcm\u00fcze dek ya\u015famalar\u0131 olanak dahilinde olsayd\u0131 herhalde bug\u00fcn d\u00fcnyan\u0131n en uygar \u00fclkelerinin \u00f6n\u00fcnde olabilirdik. Atat\u00fcrk\u2019\u00fcn en b\u00fcy\u00fck arzusunu da ger\u00e7ekle\u015ftirmi\u015f olurduk.<\/p>\n<p>Atat\u00fcrk\u2019e, Cumhuriyet\u2019e, ve sanata sayg\u0131 ve sevginin sonsuza dek s\u00fcrece\u011fini daha \u00e7ok sanatseverlerle bulu\u015faca\u011f\u0131n\u0131, Anadolu\u2019daki b\u00fct\u00fcn illerimizde ger\u00e7ekle\u015fme olana\u011f\u0131na kavu\u015faca\u011f\u0131n\u0131 ve T\u00fcrkiye\u2019nin b\u00fct\u00fcn d\u00fcnyada sayg\u0131nl\u0131k kazanmas\u0131na katk\u0131 sa\u011flayaca\u011f\u0131n\u0131 d\u00fc\u015f\u00fcn\u00fcyorum.<\/p>\n<p>Belediyelerin ya da \u00f6zel kurumlar\u0131n deste\u011fi ile en k\u0131sa tarihte <b>ATAT\u00dcRK ve EK\u0130M GE\u00c7\u0130D\u0130 <\/b><b>M\u00dcZES\u0130<\/b>\u2019nin kuruldu\u011fu ili ta\u00e7land\u0131rabilmeyi sab\u0131rs\u0131zl\u0131kla bekliyorum. Ba\u015fta Bursa\u2019da \u201cUluslararas\u0131 Ekim Ge\u00e7idi\u201d sergilerimizi y\u0131llard\u0131r ger\u00e7ekle\u015ftiren sanat\u00e7\u0131 Ayfer Demircio\u011flu\u2019na ve bu projeme maddi manevi eme\u011fi ge\u00e7en herkese te\u015fekk\u00fcr ediyorum.<\/p>\n<p><img decoding=\"async\" class=\"alignleft\" src=\"http:\/\/www.ekimgecidibursa.com\/wp-content\/uploads\/2022\/10\/Gulsun_Erbil-150x150.png\"><\/p>\n<p>&nbsp;<\/p>\n<p><strong>G\u00fcls\u00fcn Erbil<\/strong><\/p>\n<p>&nbsp;<\/p>\n<p>&nbsp;<\/p>\n<p>&nbsp;<\/p>\n<p><img decoding=\"async\" class=\"alignleft\" src=\"http:\/\/www.ekimgecidibursa.com\/wp-content\/uploads\/2022\/10\/FT21-150x150.png\"><\/p>\n<p>&nbsp;<\/p>\n<p><strong>Ayfer Demircio\u011flu<\/strong><\/p>\n<p>Ekim Ge\u00e7idi Bursa Sergisi Koordinasyonunu sa\u011flayan Ayfer Demircio\u011flu\u2019na ileti\u015fim i\u00e7in&nbsp;<a href=\"http:\/\/www.ekimgecidibursa.com\/index.php\/bize-ulasin\/\">buradan<\/a>&nbsp;ula\u015fabilirsiniz.<\/p>\n","protected":false},"excerpt":{"rendered":"<p>&nbsp; CUMHUR\u0130YE\u0130N 100.YILI \/ EK\u0130M GE\u00c7\u0130D\u0130 BURSA 22. YIL D\u0130S\u0130PL\u0130NLER ARASI SERG\u0130S\u0130 Devlet G\u00fczel Sanatlar Galerisi \u2013 Heykel Bursa 17 Ekim 2023 \u2013 27 Ekim 2023 A\u00e7\u0131l\u0131\u015f :17 Ekim 2023 Sal\u0131 Saat 18.00 &nbsp; &nbsp; &nbsp; EK\u0130M GE\u00c7\u0130D\u0130 SERG\u0130LER\u0130 BU YIL 22. YILINI KUTLUYOR! CUMHUR\u0130YET\u0130M\u0130Z\u0130N 100.YILINDA 22.EK\u0130M GE\u00c7\u0130D\u0130 SERG\u0130M\u0130Z\u0130N D\u00dc\u015e\u00dcND\u00dcRD\u00dcKLER\u0130 D\u00fcnya tarihinde emperyalizme kar\u015f\u0131 kazan\u0131lm\u0131\u015f &#8230; <a title=\"Bas\u0131n B\u00fclteni \/ 2023 &#8211; Ekim Ge\u00e7idi 22. Y\u0131l\u0131n\u0131 Kutluyor!\" class=\"read-more\" href=\"http:\/\/www.ekimgecidibursa.com\/index.php\/basin-bultenleri\/2023-ekim-gecidi-22-yilini-kutluyor\/\" aria-label=\"Read more about Bas\u0131n B\u00fclteni \/ 2023 &#8211; Ekim Ge\u00e7idi 22. Y\u0131l\u0131n\u0131 Kutluyor!\">Devam\u0131n\u0131 oku<\/a><\/p>\n","protected":false},"author":1,"featured_media":0,"parent":899,"menu_order":1,"comment_status":"closed","ping_status":"closed","template":"","meta":{"ngg_post_thumbnail":0,"footnotes":""},"class_list":["post-892","page","type-page","status-publish"],"yoast_head":"<!-- This site is optimized with the Yoast SEO plugin v27.4 - https:\/\/yoast.com\/product\/yoast-seo-wordpress\/ -->\n<title>Bas\u0131n B\u00fclteni \/ 2023 - Ekim Ge\u00e7idi 22. Y\u0131l\u0131n\u0131 Kutluyor! - Ekim Ge&ccedil;idi BURSA<\/title>\n<meta name=\"description\" content=\"2023 Ekim Ge\u00e7idi Bursa Cumhuriyetin 100. Y\u0131l\u0131nda EK\u0130M GE\u00c7\u0130D\u0130 SERG\u0130LER\u0130 BU YIL 22. YILINI KUTLUYOR!\" \/>\n<meta name=\"robots\" content=\"index, follow, max-snippet:-1, max-image-preview:large, max-video-preview:-1\" \/>\n<link rel=\"canonical\" href=\"https:\/\/www.ekimgecidibursa.com\/index.php\/basin-bultenleri\/2023-ekim-gecidi-22-yilini-kutluyor\/\" \/>\n<meta property=\"og:locale\" content=\"tr_TR\" \/>\n<meta property=\"og:type\" content=\"article\" \/>\n<meta property=\"og:title\" content=\"Bas\u0131n B\u00fclteni \/ 2023 - Ekim Ge\u00e7idi 22. Y\u0131l\u0131n\u0131 Kutluyor! - Ekim Ge&ccedil;idi BURSA\" \/>\n<meta property=\"og:description\" content=\"2023 Ekim Ge\u00e7idi Bursa Cumhuriyetin 100. Y\u0131l\u0131nda EK\u0130M GE\u00c7\u0130D\u0130 SERG\u0130LER\u0130 BU YIL 22. YILINI KUTLUYOR!\" \/>\n<meta property=\"og:url\" content=\"https:\/\/www.ekimgecidibursa.com\/index.php\/basin-bultenleri\/2023-ekim-gecidi-22-yilini-kutluyor\/\" \/>\n<meta property=\"og:site_name\" content=\"Ekim Ge&ccedil;idi BURSA\" \/>\n<meta property=\"article:modified_time\" content=\"2023-10-05T10:13:59+00:00\" \/>\n<meta property=\"og:image\" content=\"http:\/\/www.ekimgecidibursa.com\/wp-content\/uploads\/2023\/10\/EG_2023_BURSA_DAVETIYE_013-300x300.png\" \/>\n<meta name=\"twitter:card\" content=\"summary_large_image\" \/>\n<meta name=\"twitter:label1\" content=\"Tahmini okuma s\u00fcresi\" \/>\n\t<meta name=\"twitter:data1\" content=\"3 dakika\" \/>\n<script type=\"application\/ld+json\" class=\"yoast-schema-graph\">{\"@context\":\"https:\\\/\\\/schema.org\",\"@graph\":[{\"@type\":\"WebPage\",\"@id\":\"https:\\\/\\\/www.ekimgecidibursa.com\\\/index.php\\\/basin-bultenleri\\\/2023-ekim-gecidi-22-yilini-kutluyor\\\/\",\"url\":\"https:\\\/\\\/www.ekimgecidibursa.com\\\/index.php\\\/basin-bultenleri\\\/2023-ekim-gecidi-22-yilini-kutluyor\\\/\",\"name\":\"Bas\u0131n B\u00fclteni \\\/ 2023 - Ekim Ge\u00e7idi 22. Y\u0131l\u0131n\u0131 Kutluyor! - Ekim Ge&ccedil;idi BURSA\",\"isPartOf\":{\"@id\":\"http:\\\/\\\/www.ekimgecidibursa.com\\\/#website\"},\"primaryImageOfPage\":{\"@id\":\"https:\\\/\\\/www.ekimgecidibursa.com\\\/index.php\\\/basin-bultenleri\\\/2023-ekim-gecidi-22-yilini-kutluyor\\\/#primaryimage\"},\"image\":{\"@id\":\"https:\\\/\\\/www.ekimgecidibursa.com\\\/index.php\\\/basin-bultenleri\\\/2023-ekim-gecidi-22-yilini-kutluyor\\\/#primaryimage\"},\"thumbnailUrl\":\"http:\\\/\\\/www.ekimgecidibursa.com\\\/wp-content\\\/uploads\\\/2023\\\/10\\\/EG_2023_BURSA_DAVETIYE_013-300x300.png\",\"datePublished\":\"2023-10-05T10:04:19+00:00\",\"dateModified\":\"2023-10-05T10:13:59+00:00\",\"description\":\"2023 Ekim Ge\u00e7idi Bursa Cumhuriyetin 100. Y\u0131l\u0131nda EK\u0130M GE\u00c7\u0130D\u0130 SERG\u0130LER\u0130 BU YIL 22. YILINI KUTLUYOR!\",\"breadcrumb\":{\"@id\":\"https:\\\/\\\/www.ekimgecidibursa.com\\\/index.php\\\/basin-bultenleri\\\/2023-ekim-gecidi-22-yilini-kutluyor\\\/#breadcrumb\"},\"inLanguage\":\"tr\",\"potentialAction\":[{\"@type\":\"ReadAction\",\"target\":[\"https:\\\/\\\/www.ekimgecidibursa.com\\\/index.php\\\/basin-bultenleri\\\/2023-ekim-gecidi-22-yilini-kutluyor\\\/\"]}]},{\"@type\":\"ImageObject\",\"inLanguage\":\"tr\",\"@id\":\"https:\\\/\\\/www.ekimgecidibursa.com\\\/index.php\\\/basin-bultenleri\\\/2023-ekim-gecidi-22-yilini-kutluyor\\\/#primaryimage\",\"url\":\"http:\\\/\\\/www.ekimgecidibursa.com\\\/wp-content\\\/uploads\\\/2023\\\/10\\\/EG_2023_BURSA_DAVETIYE_013.png\",\"contentUrl\":\"http:\\\/\\\/www.ekimgecidibursa.com\\\/wp-content\\\/uploads\\\/2023\\\/10\\\/EG_2023_BURSA_DAVETIYE_013.png\",\"width\":960,\"height\":960},{\"@type\":\"BreadcrumbList\",\"@id\":\"https:\\\/\\\/www.ekimgecidibursa.com\\\/index.php\\\/basin-bultenleri\\\/2023-ekim-gecidi-22-yilini-kutluyor\\\/#breadcrumb\",\"itemListElement\":[{\"@type\":\"ListItem\",\"position\":1,\"name\":\"Ana sayfa\",\"item\":\"http:\\\/\\\/www.ekimgecidibursa.com\\\/\"},{\"@type\":\"ListItem\",\"position\":2,\"name\":\"Bas\u0131n B\u00fcltenleri\",\"item\":\"https:\\\/\\\/www.ekimgecidibursa.com\\\/index.php\\\/basin-bultenleri\\\/\"},{\"@type\":\"ListItem\",\"position\":3,\"name\":\"Bas\u0131n B\u00fclteni \\\/ 2023 &#8211; Ekim Ge\u00e7idi 22. Y\u0131l\u0131n\u0131 Kutluyor!\"}]},{\"@type\":\"WebSite\",\"@id\":\"http:\\\/\\\/www.ekimgecidibursa.com\\\/#website\",\"url\":\"http:\\\/\\\/www.ekimgecidibursa.com\\\/\",\"name\":\"Ekim Ge\u00e7idi Bursa\",\"description\":\"Disiplinler Aras\u0131 Karma Sergi -Proje: G&uuml;ls&uuml;n ERB\u0130L, Organizat&ouml;r: Ayfer DEM\u0130RC\u0130O\u011eLU Tasar\u0131m: Sedat KUMOVA\",\"publisher\":{\"@id\":\"http:\\\/\\\/www.ekimgecidibursa.com\\\/#organization\"},\"potentialAction\":[{\"@type\":\"SearchAction\",\"target\":{\"@type\":\"EntryPoint\",\"urlTemplate\":\"http:\\\/\\\/www.ekimgecidibursa.com\\\/?s={search_term_string}\"},\"query-input\":{\"@type\":\"PropertyValueSpecification\",\"valueRequired\":true,\"valueName\":\"search_term_string\"}}],\"inLanguage\":\"tr\"},{\"@type\":\"Organization\",\"@id\":\"http:\\\/\\\/www.ekimgecidibursa.com\\\/#organization\",\"name\":\"Ekim Ge\u00e7idi Bursa\",\"url\":\"http:\\\/\\\/www.ekimgecidibursa.com\\\/\",\"logo\":{\"@type\":\"ImageObject\",\"inLanguage\":\"tr\",\"@id\":\"http:\\\/\\\/www.ekimgecidibursa.com\\\/#\\\/schema\\\/logo\\\/image\\\/\",\"url\":\"http:\\\/\\\/www.ekimgecidibursa.com\\\/wp-content\\\/uploads\\\/2020\\\/10\\\/cropped-EKIM_GECIDI_LOGO_512p.png\",\"contentUrl\":\"http:\\\/\\\/www.ekimgecidibursa.com\\\/wp-content\\\/uploads\\\/2020\\\/10\\\/cropped-EKIM_GECIDI_LOGO_512p.png\",\"width\":512,\"height\":512,\"caption\":\"Ekim Ge\u00e7idi Bursa\"},\"image\":{\"@id\":\"http:\\\/\\\/www.ekimgecidibursa.com\\\/#\\\/schema\\\/logo\\\/image\\\/\"},\"sameAs\":[\"https:\\\/\\\/instagram.com\\\/bursa2021.ekimgecidi\"]}]}<\/script>\n<!-- \/ Yoast SEO plugin. -->","yoast_head_json":{"title":"Bas\u0131n B\u00fclteni \/ 2023 - Ekim Ge\u00e7idi 22. Y\u0131l\u0131n\u0131 Kutluyor! - Ekim Ge&ccedil;idi BURSA","description":"2023 Ekim Ge\u00e7idi Bursa Cumhuriyetin 100. Y\u0131l\u0131nda EK\u0130M GE\u00c7\u0130D\u0130 SERG\u0130LER\u0130 BU YIL 22. YILINI KUTLUYOR!","robots":{"index":"index","follow":"follow","max-snippet":"max-snippet:-1","max-image-preview":"max-image-preview:large","max-video-preview":"max-video-preview:-1"},"canonical":"https:\/\/www.ekimgecidibursa.com\/index.php\/basin-bultenleri\/2023-ekim-gecidi-22-yilini-kutluyor\/","og_locale":"tr_TR","og_type":"article","og_title":"Bas\u0131n B\u00fclteni \/ 2023 - Ekim Ge\u00e7idi 22. Y\u0131l\u0131n\u0131 Kutluyor! - Ekim Ge&ccedil;idi BURSA","og_description":"2023 Ekim Ge\u00e7idi Bursa Cumhuriyetin 100. Y\u0131l\u0131nda EK\u0130M GE\u00c7\u0130D\u0130 SERG\u0130LER\u0130 BU YIL 22. YILINI KUTLUYOR!","og_url":"https:\/\/www.ekimgecidibursa.com\/index.php\/basin-bultenleri\/2023-ekim-gecidi-22-yilini-kutluyor\/","og_site_name":"Ekim Ge&ccedil;idi BURSA","article_modified_time":"2023-10-05T10:13:59+00:00","og_image":[{"url":"http:\/\/www.ekimgecidibursa.com\/wp-content\/uploads\/2023\/10\/EG_2023_BURSA_DAVETIYE_013-300x300.png","type":"","width":"","height":""}],"twitter_card":"summary_large_image","twitter_misc":{"Tahmini okuma s\u00fcresi":"3 dakika"},"schema":{"@context":"https:\/\/schema.org","@graph":[{"@type":"WebPage","@id":"https:\/\/www.ekimgecidibursa.com\/index.php\/basin-bultenleri\/2023-ekim-gecidi-22-yilini-kutluyor\/","url":"https:\/\/www.ekimgecidibursa.com\/index.php\/basin-bultenleri\/2023-ekim-gecidi-22-yilini-kutluyor\/","name":"Bas\u0131n B\u00fclteni \/ 2023 - Ekim Ge\u00e7idi 22. Y\u0131l\u0131n\u0131 Kutluyor! - Ekim Ge&ccedil;idi BURSA","isPartOf":{"@id":"http:\/\/www.ekimgecidibursa.com\/#website"},"primaryImageOfPage":{"@id":"https:\/\/www.ekimgecidibursa.com\/index.php\/basin-bultenleri\/2023-ekim-gecidi-22-yilini-kutluyor\/#primaryimage"},"image":{"@id":"https:\/\/www.ekimgecidibursa.com\/index.php\/basin-bultenleri\/2023-ekim-gecidi-22-yilini-kutluyor\/#primaryimage"},"thumbnailUrl":"http:\/\/www.ekimgecidibursa.com\/wp-content\/uploads\/2023\/10\/EG_2023_BURSA_DAVETIYE_013-300x300.png","datePublished":"2023-10-05T10:04:19+00:00","dateModified":"2023-10-05T10:13:59+00:00","description":"2023 Ekim Ge\u00e7idi Bursa Cumhuriyetin 100. Y\u0131l\u0131nda EK\u0130M GE\u00c7\u0130D\u0130 SERG\u0130LER\u0130 BU YIL 22. YILINI KUTLUYOR!","breadcrumb":{"@id":"https:\/\/www.ekimgecidibursa.com\/index.php\/basin-bultenleri\/2023-ekim-gecidi-22-yilini-kutluyor\/#breadcrumb"},"inLanguage":"tr","potentialAction":[{"@type":"ReadAction","target":["https:\/\/www.ekimgecidibursa.com\/index.php\/basin-bultenleri\/2023-ekim-gecidi-22-yilini-kutluyor\/"]}]},{"@type":"ImageObject","inLanguage":"tr","@id":"https:\/\/www.ekimgecidibursa.com\/index.php\/basin-bultenleri\/2023-ekim-gecidi-22-yilini-kutluyor\/#primaryimage","url":"http:\/\/www.ekimgecidibursa.com\/wp-content\/uploads\/2023\/10\/EG_2023_BURSA_DAVETIYE_013.png","contentUrl":"http:\/\/www.ekimgecidibursa.com\/wp-content\/uploads\/2023\/10\/EG_2023_BURSA_DAVETIYE_013.png","width":960,"height":960},{"@type":"BreadcrumbList","@id":"https:\/\/www.ekimgecidibursa.com\/index.php\/basin-bultenleri\/2023-ekim-gecidi-22-yilini-kutluyor\/#breadcrumb","itemListElement":[{"@type":"ListItem","position":1,"name":"Ana sayfa","item":"http:\/\/www.ekimgecidibursa.com\/"},{"@type":"ListItem","position":2,"name":"Bas\u0131n B\u00fcltenleri","item":"https:\/\/www.ekimgecidibursa.com\/index.php\/basin-bultenleri\/"},{"@type":"ListItem","position":3,"name":"Bas\u0131n B\u00fclteni \/ 2023 &#8211; Ekim Ge\u00e7idi 22. Y\u0131l\u0131n\u0131 Kutluyor!"}]},{"@type":"WebSite","@id":"http:\/\/www.ekimgecidibursa.com\/#website","url":"http:\/\/www.ekimgecidibursa.com\/","name":"Ekim Ge\u00e7idi Bursa","description":"Disiplinler Aras\u0131 Karma Sergi -Proje: G&uuml;ls&uuml;n ERB\u0130L, Organizat&ouml;r: Ayfer DEM\u0130RC\u0130O\u011eLU Tasar\u0131m: Sedat KUMOVA","publisher":{"@id":"http:\/\/www.ekimgecidibursa.com\/#organization"},"potentialAction":[{"@type":"SearchAction","target":{"@type":"EntryPoint","urlTemplate":"http:\/\/www.ekimgecidibursa.com\/?s={search_term_string}"},"query-input":{"@type":"PropertyValueSpecification","valueRequired":true,"valueName":"search_term_string"}}],"inLanguage":"tr"},{"@type":"Organization","@id":"http:\/\/www.ekimgecidibursa.com\/#organization","name":"Ekim Ge\u00e7idi Bursa","url":"http:\/\/www.ekimgecidibursa.com\/","logo":{"@type":"ImageObject","inLanguage":"tr","@id":"http:\/\/www.ekimgecidibursa.com\/#\/schema\/logo\/image\/","url":"http:\/\/www.ekimgecidibursa.com\/wp-content\/uploads\/2020\/10\/cropped-EKIM_GECIDI_LOGO_512p.png","contentUrl":"http:\/\/www.ekimgecidibursa.com\/wp-content\/uploads\/2020\/10\/cropped-EKIM_GECIDI_LOGO_512p.png","width":512,"height":512,"caption":"Ekim Ge\u00e7idi Bursa"},"image":{"@id":"http:\/\/www.ekimgecidibursa.com\/#\/schema\/logo\/image\/"},"sameAs":["https:\/\/instagram.com\/bursa2021.ekimgecidi"]}]}},"_links":{"self":[{"href":"http:\/\/www.ekimgecidibursa.com\/index.php\/wp-json\/wp\/v2\/pages\/892","targetHints":{"allow":["GET"]}}],"collection":[{"href":"http:\/\/www.ekimgecidibursa.com\/index.php\/wp-json\/wp\/v2\/pages"}],"about":[{"href":"http:\/\/www.ekimgecidibursa.com\/index.php\/wp-json\/wp\/v2\/types\/page"}],"author":[{"embeddable":true,"href":"http:\/\/www.ekimgecidibursa.com\/index.php\/wp-json\/wp\/v2\/users\/1"}],"replies":[{"embeddable":true,"href":"http:\/\/www.ekimgecidibursa.com\/index.php\/wp-json\/wp\/v2\/comments?post=892"}],"version-history":[{"count":4,"href":"http:\/\/www.ekimgecidibursa.com\/index.php\/wp-json\/wp\/v2\/pages\/892\/revisions"}],"predecessor-version":[{"id":906,"href":"http:\/\/www.ekimgecidibursa.com\/index.php\/wp-json\/wp\/v2\/pages\/892\/revisions\/906"}],"up":[{"embeddable":true,"href":"http:\/\/www.ekimgecidibursa.com\/index.php\/wp-json\/wp\/v2\/pages\/899"}],"wp:attachment":[{"href":"http:\/\/www.ekimgecidibursa.com\/index.php\/wp-json\/wp\/v2\/media?parent=892"}],"curies":[{"name":"wp","href":"https:\/\/api.w.org\/{rel}","templated":true}]}}