{"id":899,"date":"2023-10-05T10:07:19","date_gmt":"2023-10-05T10:07:19","guid":{"rendered":"http:\/\/www.ekimgecidibursa.com\/?page_id=899"},"modified":"2023-10-05T10:12:08","modified_gmt":"2023-10-05T10:12:08","slug":"basin-bultenleri","status":"publish","type":"page","link":"http:\/\/www.ekimgecidibursa.com\/index.php\/basin-bultenleri\/","title":{"rendered":"Bas\u0131n B\u00fcltenleri"},"content":{"rendered":"<h1 class=\"entry-title\"><img loading=\"lazy\" decoding=\"async\" class=\"size-medium wp-image-893 alignleft\" src=\"http:\/\/www.ekimgecidibursa.com\/wp-content\/uploads\/2023\/10\/EG_2023_BURSA_DAVETIYE_013-300x300.png\" alt=\"\" width=\"300\" height=\"300\" srcset=\"http:\/\/www.ekimgecidibursa.com\/wp-content\/uploads\/2023\/10\/EG_2023_BURSA_DAVETIYE_013-300x300.png 300w, http:\/\/www.ekimgecidibursa.com\/wp-content\/uploads\/2023\/10\/EG_2023_BURSA_DAVETIYE_013-150x150.png 150w, http:\/\/www.ekimgecidibursa.com\/wp-content\/uploads\/2023\/10\/EG_2023_BURSA_DAVETIYE_013-768x768.png 768w, http:\/\/www.ekimgecidibursa.com\/wp-content\/uploads\/2023\/10\/EG_2023_BURSA_DAVETIYE_013-640x640.png 640w, http:\/\/www.ekimgecidibursa.com\/wp-content\/uploads\/2023\/10\/EG_2023_BURSA_DAVETIYE_013.png 960w\" sizes=\"auto, (max-width: 300px) 100vw, 300px\" \/><\/h1>\n<h1 class=\"entry-title\">Bas\u0131n B\u00fclteni \/ 2023 \u2013 Ekim Ge\u00e7idi 22. Y\u0131l\u0131n\u0131 Kutluyor!<\/h1>\n<p>Bas\u0131n B\u00fclteni i\u00e7in <a href=\"http:\/\/www.ekimgecidibursa.com\/index.php\/basin-bultenleri\/2023-ekim-gecidi-22-yilini-kutluyor\/\">buray\u0131 <\/a>t\u0131klay\u0131n\u0131z.<\/p>\n","protected":false},"excerpt":{"rendered":"<p>Bas\u0131n B\u00fclteni \/ 2023 \u2013 Ekim Ge\u00e7idi 22. Y\u0131l\u0131n\u0131 Kutluyor! Bas\u0131n B\u00fclteni i\u00e7in buray\u0131 t\u0131klay\u0131n\u0131z.<\/p>\n","protected":false},"author":1,"featured_media":0,"parent":0,"menu_order":0,"comment_status":"closed","ping_status":"closed","template":"","meta":{"ngg_post_thumbnail":0,"footnotes":""},"class_list":["post-899","page","type-page","status-publish"],"yoast_head":"<!-- This site is optimized with the Yoast SEO plugin v27.4 - https:\/\/yoast.com\/product\/yoast-seo-wordpress\/ -->\n<title>Bas\u0131n B\u00fcltenleri - Ekim Ge&ccedil;idi BURSA<\/title>\n<meta name=\"robots\" content=\"index, follow, max-snippet:-1, max-image-preview:large, max-video-preview:-1\" \/>\n<link rel=\"canonical\" href=\"https:\/\/www.ekimgecidibursa.com\/index.php\/basin-bultenleri\/\" \/>\n<meta property=\"og:locale\" content=\"tr_TR\" \/>\n<meta property=\"og:type\" content=\"article\" \/>\n<meta property=\"og:title\" content=\"Bas\u0131n B\u00fcltenleri - Ekim Ge&ccedil;idi BURSA\" \/>\n<meta property=\"og:description\" content=\"Bas\u0131n B\u00fclteni \/ 2023 \u2013 Ekim Ge\u00e7idi 22. Y\u0131l\u0131n\u0131 Kutluyor! Bas\u0131n B\u00fclteni i\u00e7in buray\u0131 t\u0131klay\u0131n\u0131z.\" \/>\n<meta property=\"og:url\" content=\"https:\/\/www.ekimgecidibursa.com\/index.php\/basin-bultenleri\/\" \/>\n<meta property=\"og:site_name\" content=\"Ekim Ge&ccedil;idi BURSA\" \/>\n<meta property=\"article:modified_time\" content=\"2023-10-05T10:12:08+00:00\" \/>\n<meta property=\"og:image\" content=\"http:\/\/www.ekimgecidibursa.com\/wp-content\/uploads\/2023\/10\/EG_2023_BURSA_DAVETIYE_013-300x300.png\" \/>\n<meta name=\"twitter:card\" content=\"summary_large_image\" \/>\n<meta name=\"twitter:label1\" content=\"Tahmini okuma s\u00fcresi\" \/>\n\t<meta name=\"twitter:data1\" content=\"1 dakika\" \/>\n<script type=\"application\/ld+json\" class=\"yoast-schema-graph\">{\"@context\":\"https:\\\/\\\/schema.org\",\"@graph\":[{\"@type\":\"WebPage\",\"@id\":\"https:\\\/\\\/www.ekimgecidibursa.com\\\/index.php\\\/basin-bultenleri\\\/\",\"url\":\"https:\\\/\\\/www.ekimgecidibursa.com\\\/index.php\\\/basin-bultenleri\\\/\",\"name\":\"Bas\u0131n B\u00fcltenleri - Ekim Ge&ccedil;idi BURSA\",\"isPartOf\":{\"@id\":\"http:\\\/\\\/www.ekimgecidibursa.com\\\/#website\"},\"primaryImageOfPage\":{\"@id\":\"https:\\\/\\\/www.ekimgecidibursa.com\\\/index.php\\\/basin-bultenleri\\\/#primaryimage\"},\"image\":{\"@id\":\"https:\\\/\\\/www.ekimgecidibursa.com\\\/index.php\\\/basin-bultenleri\\\/#primaryimage\"},\"thumbnailUrl\":\"http:\\\/\\\/www.ekimgecidibursa.com\\\/wp-content\\\/uploads\\\/2023\\\/10\\\/EG_2023_BURSA_DAVETIYE_013-300x300.png\",\"datePublished\":\"2023-10-05T10:07:19+00:00\",\"dateModified\":\"2023-10-05T10:12:08+00:00\",\"breadcrumb\":{\"@id\":\"https:\\\/\\\/www.ekimgecidibursa.com\\\/index.php\\\/basin-bultenleri\\\/#breadcrumb\"},\"inLanguage\":\"tr\",\"potentialAction\":[{\"@type\":\"ReadAction\",\"target\":[\"https:\\\/\\\/www.ekimgecidibursa.com\\\/index.php\\\/basin-bultenleri\\\/\"]}]},{\"@type\":\"ImageObject\",\"inLanguage\":\"tr\",\"@id\":\"https:\\\/\\\/www.ekimgecidibursa.com\\\/index.php\\\/basin-bultenleri\\\/#primaryimage\",\"url\":\"http:\\\/\\\/www.ekimgecidibursa.com\\\/wp-content\\\/uploads\\\/2023\\\/10\\\/EG_2023_BURSA_DAVETIYE_013.png\",\"contentUrl\":\"http:\\\/\\\/www.ekimgecidibursa.com\\\/wp-content\\\/uploads\\\/2023\\\/10\\\/EG_2023_BURSA_DAVETIYE_013.png\",\"width\":960,\"height\":960},{\"@type\":\"BreadcrumbList\",\"@id\":\"https:\\\/\\\/www.ekimgecidibursa.com\\\/index.php\\\/basin-bultenleri\\\/#breadcrumb\",\"itemListElement\":[{\"@type\":\"ListItem\",\"position\":1,\"name\":\"Ana sayfa\",\"item\":\"http:\\\/\\\/www.ekimgecidibursa.com\\\/\"},{\"@type\":\"ListItem\",\"position\":2,\"name\":\"Bas\u0131n B\u00fcltenleri\"}]},{\"@type\":\"WebSite\",\"@id\":\"http:\\\/\\\/www.ekimgecidibursa.com\\\/#website\",\"url\":\"http:\\\/\\\/www.ekimgecidibursa.com\\\/\",\"name\":\"Ekim Ge\u00e7idi Bursa\",\"description\":\"Disiplinler Aras\u0131 Karma Sergi -Proje: G&uuml;ls&uuml;n ERB\u0130L, Organizat&ouml;r: Ayfer DEM\u0130RC\u0130O\u011eLU Tasar\u0131m: Sedat KUMOVA\",\"publisher\":{\"@id\":\"http:\\\/\\\/www.ekimgecidibursa.com\\\/#organization\"},\"potentialAction\":[{\"@type\":\"SearchAction\",\"target\":{\"@type\":\"EntryPoint\",\"urlTemplate\":\"http:\\\/\\\/www.ekimgecidibursa.com\\\/?s={search_term_string}\"},\"query-input\":{\"@type\":\"PropertyValueSpecification\",\"valueRequired\":true,\"valueName\":\"search_term_string\"}}],\"inLanguage\":\"tr\"},{\"@type\":\"Organization\",\"@id\":\"http:\\\/\\\/www.ekimgecidibursa.com\\\/#organization\",\"name\":\"Ekim Ge\u00e7idi Bursa\",\"url\":\"http:\\\/\\\/www.ekimgecidibursa.com\\\/\",\"logo\":{\"@type\":\"ImageObject\",\"inLanguage\":\"tr\",\"@id\":\"http:\\\/\\\/www.ekimgecidibursa.com\\\/#\\\/schema\\\/logo\\\/image\\\/\",\"url\":\"http:\\\/\\\/www.ekimgecidibursa.com\\\/wp-content\\\/uploads\\\/2020\\\/10\\\/cropped-EKIM_GECIDI_LOGO_512p.png\",\"contentUrl\":\"http:\\\/\\\/www.ekimgecidibursa.com\\\/wp-content\\\/uploads\\\/2020\\\/10\\\/cropped-EKIM_GECIDI_LOGO_512p.png\",\"width\":512,\"height\":512,\"caption\":\"Ekim Ge\u00e7idi Bursa\"},\"image\":{\"@id\":\"http:\\\/\\\/www.ekimgecidibursa.com\\\/#\\\/schema\\\/logo\\\/image\\\/\"},\"sameAs\":[\"https:\\\/\\\/instagram.com\\\/bursa2021.ekimgecidi\"]}]}<\/script>\n<!-- \/ Yoast SEO plugin. -->","yoast_head_json":{"title":"Bas\u0131n B\u00fcltenleri - Ekim Ge&ccedil;idi BURSA","robots":{"index":"index","follow":"follow","max-snippet":"max-snippet:-1","max-image-preview":"max-image-preview:large","max-video-preview":"max-video-preview:-1"},"canonical":"https:\/\/www.ekimgecidibursa.com\/index.php\/basin-bultenleri\/","og_locale":"tr_TR","og_type":"article","og_title":"Bas\u0131n B\u00fcltenleri - Ekim Ge&ccedil;idi BURSA","og_description":"Bas\u0131n B\u00fclteni \/ 2023 \u2013 Ekim Ge\u00e7idi 22. Y\u0131l\u0131n\u0131 Kutluyor! Bas\u0131n B\u00fclteni i\u00e7in buray\u0131 t\u0131klay\u0131n\u0131z.","og_url":"https:\/\/www.ekimgecidibursa.com\/index.php\/basin-bultenleri\/","og_site_name":"Ekim Ge&ccedil;idi BURSA","article_modified_time":"2023-10-05T10:12:08+00:00","og_image":[{"url":"http:\/\/www.ekimgecidibursa.com\/wp-content\/uploads\/2023\/10\/EG_2023_BURSA_DAVETIYE_013-300x300.png","type":"","width":"","height":""}],"twitter_card":"summary_large_image","twitter_misc":{"Tahmini okuma s\u00fcresi":"1 dakika"},"schema":{"@context":"https:\/\/schema.org","@graph":[{"@type":"WebPage","@id":"https:\/\/www.ekimgecidibursa.com\/index.php\/basin-bultenleri\/","url":"https:\/\/www.ekimgecidibursa.com\/index.php\/basin-bultenleri\/","name":"Bas\u0131n B\u00fcltenleri - Ekim Ge&ccedil;idi BURSA","isPartOf":{"@id":"http:\/\/www.ekimgecidibursa.com\/#website"},"primaryImageOfPage":{"@id":"https:\/\/www.ekimgecidibursa.com\/index.php\/basin-bultenleri\/#primaryimage"},"image":{"@id":"https:\/\/www.ekimgecidibursa.com\/index.php\/basin-bultenleri\/#primaryimage"},"thumbnailUrl":"http:\/\/www.ekimgecidibursa.com\/wp-content\/uploads\/2023\/10\/EG_2023_BURSA_DAVETIYE_013-300x300.png","datePublished":"2023-10-05T10:07:19+00:00","dateModified":"2023-10-05T10:12:08+00:00","breadcrumb":{"@id":"https:\/\/www.ekimgecidibursa.com\/index.php\/basin-bultenleri\/#breadcrumb"},"inLanguage":"tr","potentialAction":[{"@type":"ReadAction","target":["https:\/\/www.ekimgecidibursa.com\/index.php\/basin-bultenleri\/"]}]},{"@type":"ImageObject","inLanguage":"tr","@id":"https:\/\/www.ekimgecidibursa.com\/index.php\/basin-bultenleri\/#primaryimage","url":"http:\/\/www.ekimgecidibursa.com\/wp-content\/uploads\/2023\/10\/EG_2023_BURSA_DAVETIYE_013.png","contentUrl":"http:\/\/www.ekimgecidibursa.com\/wp-content\/uploads\/2023\/10\/EG_2023_BURSA_DAVETIYE_013.png","width":960,"height":960},{"@type":"BreadcrumbList","@id":"https:\/\/www.ekimgecidibursa.com\/index.php\/basin-bultenleri\/#breadcrumb","itemListElement":[{"@type":"ListItem","position":1,"name":"Ana sayfa","item":"http:\/\/www.ekimgecidibursa.com\/"},{"@type":"ListItem","position":2,"name":"Bas\u0131n B\u00fcltenleri"}]},{"@type":"WebSite","@id":"http:\/\/www.ekimgecidibursa.com\/#website","url":"http:\/\/www.ekimgecidibursa.com\/","name":"Ekim Ge\u00e7idi Bursa","description":"Disiplinler Aras\u0131 Karma Sergi -Proje: G&uuml;ls&uuml;n ERB\u0130L, Organizat&ouml;r: Ayfer DEM\u0130RC\u0130O\u011eLU Tasar\u0131m: Sedat KUMOVA","publisher":{"@id":"http:\/\/www.ekimgecidibursa.com\/#organization"},"potentialAction":[{"@type":"SearchAction","target":{"@type":"EntryPoint","urlTemplate":"http:\/\/www.ekimgecidibursa.com\/?s={search_term_string}"},"query-input":{"@type":"PropertyValueSpecification","valueRequired":true,"valueName":"search_term_string"}}],"inLanguage":"tr"},{"@type":"Organization","@id":"http:\/\/www.ekimgecidibursa.com\/#organization","name":"Ekim Ge\u00e7idi Bursa","url":"http:\/\/www.ekimgecidibursa.com\/","logo":{"@type":"ImageObject","inLanguage":"tr","@id":"http:\/\/www.ekimgecidibursa.com\/#\/schema\/logo\/image\/","url":"http:\/\/www.ekimgecidibursa.com\/wp-content\/uploads\/2020\/10\/cropped-EKIM_GECIDI_LOGO_512p.png","contentUrl":"http:\/\/www.ekimgecidibursa.com\/wp-content\/uploads\/2020\/10\/cropped-EKIM_GECIDI_LOGO_512p.png","width":512,"height":512,"caption":"Ekim Ge\u00e7idi Bursa"},"image":{"@id":"http:\/\/www.ekimgecidibursa.com\/#\/schema\/logo\/image\/"},"sameAs":["https:\/\/instagram.com\/bursa2021.ekimgecidi"]}]}},"_links":{"self":[{"href":"http:\/\/www.ekimgecidibursa.com\/index.php\/wp-json\/wp\/v2\/pages\/899","targetHints":{"allow":["GET"]}}],"collection":[{"href":"http:\/\/www.ekimgecidibursa.com\/index.php\/wp-json\/wp\/v2\/pages"}],"about":[{"href":"http:\/\/www.ekimgecidibursa.com\/index.php\/wp-json\/wp\/v2\/types\/page"}],"author":[{"embeddable":true,"href":"http:\/\/www.ekimgecidibursa.com\/index.php\/wp-json\/wp\/v2\/users\/1"}],"replies":[{"embeddable":true,"href":"http:\/\/www.ekimgecidibursa.com\/index.php\/wp-json\/wp\/v2\/comments?post=899"}],"version-history":[{"count":3,"href":"http:\/\/www.ekimgecidibursa.com\/index.php\/wp-json\/wp\/v2\/pages\/899\/revisions"}],"predecessor-version":[{"id":905,"href":"http:\/\/www.ekimgecidibursa.com\/index.php\/wp-json\/wp\/v2\/pages\/899\/revisions\/905"}],"wp:attachment":[{"href":"http:\/\/www.ekimgecidibursa.com\/index.php\/wp-json\/wp\/v2\/media?parent=899"}],"curies":[{"name":"wp","href":"https:\/\/api.w.org\/{rel}","templated":true}]}}